{"id":6396,"date":"2025-01-22T16:39:59","date_gmt":"2025-01-22T16:39:59","guid":{"rendered":"https:\/\/staging.gajolivestock.com\/?post_type=product&#038;p=6396"},"modified":"2025-02-01T14:36:48","modified_gmt":"2025-02-01T14:36:48","slug":"digital-thermometer-10-seconds","status":"publish","type":"product","link":"https:\/\/staging.gajolivestock.com\/fr\/produit\/digital-thermometer-10-seconds\/","title":{"rendered":"Thermom\u00e8tre num\u00e9rique 10 secondes"},"content":{"rendered":"<p>Le thermom\u00e8tre num\u00e9rique 10 secondes est un outil rapide et fiable pour mesurer la temp\u00e9rature corporelle. Il dispose d'un \u00e9cran facile \u00e0 lire et offre une pr\u00e9cision optimale pour des r\u00e9sultats fiables. Avec une vitesse de mesure de 10 secondes, il est parfait pour une utilisation sur des humains ou des animaux \u00e0 la maison, en milieu v\u00e9t\u00e9rinaire ou m\u00e9dical. Compact et facile \u00e0 d\u00e9sinfecter, ce thermom\u00e8tre est un appareil essentiel pour des contr\u00f4les de temp\u00e9rature rapides et pratiques.<\/p>\n<p>&nbsp;<\/p>","protected":false},"excerpt":{"rendered":"<p>Un thermom\u00e8tre num\u00e9rique pr\u00e9cis offrant des lectures rapides de temp\u00e9rature en seulement 10 secondes.<\/p>\n<p>&nbsp;<\/p>","protected":false},"featured_media":6397,"comment_status":"open","ping_status":"closed","template":"","meta":{"nf_dc_page":"","om_disable_all_campaigns":false,"pagelayer_contact_templates":[],"_pagelayer_content":""},"product_brand":[],"product_cat":[88],"product_tag":[117],"class_list":{"0":"post-6396","1":"product","2":"type-product","3":"status-publish","4":"has-post-thumbnail","6":"product_cat-livestock-equipment","7":"product_tag-livestock-equipment","9":"first","10":"instock","11":"shipping-taxable","12":"purchasable","13":"product-type-simple"},"jetpack_sharing_enabled":true,"_links":{"self":[{"href":"https:\/\/staging.gajolivestock.com\/fr\/wp-json\/wp\/v2\/product\/6396","targetHints":{"allow":["GET"]}}],"collection":[{"href":"https:\/\/staging.gajolivestock.com\/fr\/wp-json\/wp\/v2\/product"}],"about":[{"href":"https:\/\/staging.gajolivestock.com\/fr\/wp-json\/wp\/v2\/types\/product"}],"replies":[{"embeddable":true,"href":"https:\/\/staging.gajolivestock.com\/fr\/wp-json\/wp\/v2\/comments?post=6396"}],"wp:featuredmedia":[{"embeddable":true,"href":"https:\/\/staging.gajolivestock.com\/fr\/wp-json\/wp\/v2\/media\/6397"}],"wp:attachment":[{"href":"https:\/\/staging.gajolivestock.com\/fr\/wp-json\/wp\/v2\/media?parent=6396"}],"wp:term":[{"taxonomy":"product_brand","embeddable":true,"href":"https:\/\/staging.gajolivestock.com\/fr\/wp-json\/wp\/v2\/product_brand?post=6396"},{"taxonomy":"product_cat","embeddable":true,"href":"https:\/\/staging.gajolivestock.com\/fr\/wp-json\/wp\/v2\/product_cat?post=6396"},{"taxonomy":"product_tag","embeddable":true,"href":"https:\/\/staging.gajolivestock.com\/fr\/wp-json\/wp\/v2\/product_tag?post=6396"}],"curies":[{"name":"wp","href":"https:\/\/api.w.org\/{rel}","templated":true}]}}