{"id":6400,"date":"2025-01-22T16:45:54","date_gmt":"2025-01-22T16:45:54","guid":{"rendered":"https:\/\/staging.gajolivestock.com\/?post_type=product&#038;p=6400"},"modified":"2025-02-01T14:36:07","modified_gmt":"2025-02-01T14:36:07","slug":"electronic-thermometer","status":"publish","type":"product","link":"https:\/\/staging.gajolivestock.com\/fr\/produit\/electronic-thermometer\/","title":{"rendered":"Thermom\u00e8tre \u00e9lectronique"},"content":{"rendered":"<p>Le thermom\u00e8tre \u00e9lectronique est un appareil moderne con\u00e7u pour mesurer rapidement et pr\u00e9cis\u00e9ment la temp\u00e9rature corporelle. Equip\u00e9 d'un affichage num\u00e9rique, il fournit des lectures claires et instantan\u00e9es. Ce thermom\u00e8tre est polyvalent et peut \u00eatre utilis\u00e9 pour les humains ainsi que pour les animaux \u00e0 la maison, en milieu m\u00e9dical ou v\u00e9t\u00e9rinaire. Facile \u00e0 utiliser, compact et durable, c\u2019est un outil pratique pour suivre la sant\u00e9 avec pr\u00e9cision.<\/p>\n<p>&nbsp;<\/p>","protected":false},"excerpt":{"rendered":"<p>Un thermom\u00e8tre \u00e9lectronique pr\u00e9cis et rapide, adapt\u00e9 \u00e0 une mesure fiable de la temp\u00e9rature corporelle.<\/p>","protected":false},"featured_media":6401,"comment_status":"open","ping_status":"closed","template":"","meta":{"nf_dc_page":"","om_disable_all_campaigns":false,"pagelayer_contact_templates":[],"_pagelayer_content":""},"product_brand":[],"product_cat":[88],"product_tag":[117],"class_list":{"0":"post-6400","1":"product","2":"type-product","3":"status-publish","4":"has-post-thumbnail","6":"product_cat-livestock-equipment","7":"product_tag-livestock-equipment","9":"first","10":"instock","11":"shipping-taxable","12":"purchasable","13":"product-type-simple"},"jetpack_sharing_enabled":true,"_links":{"self":[{"href":"https:\/\/staging.gajolivestock.com\/fr\/wp-json\/wp\/v2\/product\/6400","targetHints":{"allow":["GET"]}}],"collection":[{"href":"https:\/\/staging.gajolivestock.com\/fr\/wp-json\/wp\/v2\/product"}],"about":[{"href":"https:\/\/staging.gajolivestock.com\/fr\/wp-json\/wp\/v2\/types\/product"}],"replies":[{"embeddable":true,"href":"https:\/\/staging.gajolivestock.com\/fr\/wp-json\/wp\/v2\/comments?post=6400"}],"wp:featuredmedia":[{"embeddable":true,"href":"https:\/\/staging.gajolivestock.com\/fr\/wp-json\/wp\/v2\/media\/6401"}],"wp:attachment":[{"href":"https:\/\/staging.gajolivestock.com\/fr\/wp-json\/wp\/v2\/media?parent=6400"}],"wp:term":[{"taxonomy":"product_brand","embeddable":true,"href":"https:\/\/staging.gajolivestock.com\/fr\/wp-json\/wp\/v2\/product_brand?post=6400"},{"taxonomy":"product_cat","embeddable":true,"href":"https:\/\/staging.gajolivestock.com\/fr\/wp-json\/wp\/v2\/product_cat?post=6400"},{"taxonomy":"product_tag","embeddable":true,"href":"https:\/\/staging.gajolivestock.com\/fr\/wp-json\/wp\/v2\/product_tag?post=6400"}],"curies":[{"name":"wp","href":"https:\/\/api.w.org\/{rel}","templated":true}]}}