{"id":6408,"date":"2025-01-22T17:19:04","date_gmt":"2025-01-22T17:19:04","guid":{"rendered":"https:\/\/staging.gajolivestock.com\/?post_type=product&#038;p=6408"},"modified":"2025-02-01T14:28:15","modified_gmt":"2025-02-01T14:28:15","slug":"dog-waterer","status":"publish","type":"product","link":"https:\/\/staging.gajolivestock.com\/fr\/produit\/dog-waterer\/","title":{"rendered":"Abreuvoir pour chien"},"content":{"rendered":"<p>L'abreuvoir pour chien est un accessoire indispensable pour garantir que votre animal reste hydrat\u00e9. Fabriqu\u00e9 avec des mat\u00e9riaux durables et faciles \u00e0 nettoyer, cet abreuvoir fournit un approvisionnement constant en eau propre \u00e0 votre chien. Disponible en diff\u00e9rentes tailles et capacit\u00e9s, il convient aux chiens de toutes races et tailles. Parfait pour une utilisation \u00e0 la maison ou \u00e0 l\u2019ext\u00e9rieur, il minimise les d\u00e9versements et maintient la zone autour de l\u2019abreuvoir bien rang\u00e9e.<\/p>\n<p>&nbsp;<\/p>","protected":false},"excerpt":{"rendered":"<p>Un abreuvoir pour chien pratique con\u00e7u pour fournir de l'eau propre et accessible \u00e0 tout moment.<\/p>","protected":false},"featured_media":6409,"comment_status":"open","ping_status":"closed","template":"","meta":{"nf_dc_page":"","om_disable_all_campaigns":false,"pagelayer_contact_templates":[],"_pagelayer_content":""},"product_brand":[],"product_cat":[88],"product_tag":[117],"class_list":{"0":"post-6408","1":"product","2":"type-product","3":"status-publish","4":"has-post-thumbnail","6":"product_cat-livestock-equipment","7":"product_tag-livestock-equipment","9":"first","10":"instock","11":"shipping-taxable","12":"purchasable","13":"product-type-simple"},"jetpack_sharing_enabled":true,"_links":{"self":[{"href":"https:\/\/staging.gajolivestock.com\/fr\/wp-json\/wp\/v2\/product\/6408","targetHints":{"allow":["GET"]}}],"collection":[{"href":"https:\/\/staging.gajolivestock.com\/fr\/wp-json\/wp\/v2\/product"}],"about":[{"href":"https:\/\/staging.gajolivestock.com\/fr\/wp-json\/wp\/v2\/types\/product"}],"replies":[{"embeddable":true,"href":"https:\/\/staging.gajolivestock.com\/fr\/wp-json\/wp\/v2\/comments?post=6408"}],"wp:featuredmedia":[{"embeddable":true,"href":"https:\/\/staging.gajolivestock.com\/fr\/wp-json\/wp\/v2\/media\/6409"}],"wp:attachment":[{"href":"https:\/\/staging.gajolivestock.com\/fr\/wp-json\/wp\/v2\/media?parent=6408"}],"wp:term":[{"taxonomy":"product_brand","embeddable":true,"href":"https:\/\/staging.gajolivestock.com\/fr\/wp-json\/wp\/v2\/product_brand?post=6408"},{"taxonomy":"product_cat","embeddable":true,"href":"https:\/\/staging.gajolivestock.com\/fr\/wp-json\/wp\/v2\/product_cat?post=6408"},{"taxonomy":"product_tag","embeddable":true,"href":"https:\/\/staging.gajolivestock.com\/fr\/wp-json\/wp\/v2\/product_tag?post=6408"}],"curies":[{"name":"wp","href":"https:\/\/api.w.org\/{rel}","templated":true}]}}