{"id":6422,"date":"2025-01-22T19:36:22","date_gmt":"2025-01-22T19:36:22","guid":{"rendered":"https:\/\/staging.gajolivestock.com\/?post_type=product&#038;p=6422"},"modified":"2025-02-01T14:17:50","modified_gmt":"2025-02-01T14:17:50","slug":"single-brush","status":"publish","type":"product","link":"https:\/\/staging.gajolivestock.com\/fr\/produit\/single-brush\/","title":{"rendered":"Brosse unique"},"content":{"rendered":"<p>La brosse unique est un outil polyvalent con\u00e7u pour un usage quotidien. Il est parfait pour d\u00e9m\u00ealer la fourrure, \u00e9liminer la salet\u00e9 ou les d\u00e9bris et conserver une apparence propre et saine. Fabriqu\u00e9 avec une poign\u00e9e ergonomique, il offre une prise confortable pour une utilisation prolong\u00e9e. Convient aux animaux de diff\u00e9rentes tailles et types de pelage.<\/p>\n<p>&nbsp;<\/p>","protected":false},"excerpt":{"rendered":"<p>Une brosse simple et pratique, id\u00e9ale pour le soin, le nettoyage ou le toilettage quotidien des animaux.<\/p>","protected":false},"featured_media":6423,"comment_status":"open","ping_status":"closed","template":"","meta":{"nf_dc_page":"","om_disable_all_campaigns":false,"pagelayer_contact_templates":[],"_pagelayer_content":""},"product_brand":[],"product_cat":[88],"product_tag":[117],"class_list":{"0":"post-6422","1":"product","2":"type-product","3":"status-publish","4":"has-post-thumbnail","6":"product_cat-livestock-equipment","7":"product_tag-livestock-equipment","9":"first","10":"instock","11":"shipping-taxable","12":"purchasable","13":"product-type-simple"},"jetpack_sharing_enabled":true,"_links":{"self":[{"href":"https:\/\/staging.gajolivestock.com\/fr\/wp-json\/wp\/v2\/product\/6422","targetHints":{"allow":["GET"]}}],"collection":[{"href":"https:\/\/staging.gajolivestock.com\/fr\/wp-json\/wp\/v2\/product"}],"about":[{"href":"https:\/\/staging.gajolivestock.com\/fr\/wp-json\/wp\/v2\/types\/product"}],"replies":[{"embeddable":true,"href":"https:\/\/staging.gajolivestock.com\/fr\/wp-json\/wp\/v2\/comments?post=6422"}],"wp:featuredmedia":[{"embeddable":true,"href":"https:\/\/staging.gajolivestock.com\/fr\/wp-json\/wp\/v2\/media\/6423"}],"wp:attachment":[{"href":"https:\/\/staging.gajolivestock.com\/fr\/wp-json\/wp\/v2\/media?parent=6422"}],"wp:term":[{"taxonomy":"product_brand","embeddable":true,"href":"https:\/\/staging.gajolivestock.com\/fr\/wp-json\/wp\/v2\/product_brand?post=6422"},{"taxonomy":"product_cat","embeddable":true,"href":"https:\/\/staging.gajolivestock.com\/fr\/wp-json\/wp\/v2\/product_cat?post=6422"},{"taxonomy":"product_tag","embeddable":true,"href":"https:\/\/staging.gajolivestock.com\/fr\/wp-json\/wp\/v2\/product_tag?post=6422"}],"curies":[{"name":"wp","href":"https:\/\/api.w.org\/{rel}","templated":true}]}}