{"id":6429,"date":"2025-01-22T19:54:42","date_gmt":"2025-01-22T19:54:42","guid":{"rendered":"https:\/\/staging.gajolivestock.com\/?post_type=product&#038;p=6429"},"modified":"2025-02-01T15:29:46","modified_gmt":"2025-02-01T15:29:46","slug":"small-rabbit-cage","status":"publish","type":"product","link":"https:\/\/staging.gajolivestock.com\/fr\/produit\/small-rabbit-cage\/","title":{"rendered":"Petite cage \u00e0 lapin"},"content":{"rendered":"<p>La petite cage \u00e0 lapin est fabriqu\u00e9e \u00e0 partir de mat\u00e9riaux durables, offrant une ventilation optimale et un espace s\u00e9curis\u00e9 pour votre animal. Il comporte une porte facile d'acc\u00e8s, un plateau inf\u00e9rieur amovible pour un nettoyage rapide et parfois des accessoires comme un r\u00e2telier \u00e0 foin ou une bouteille d'eau. Parfait pour une utilisation en int\u00e9rieur, il convient aux lapins nains ou aux jeunes lapins et est facile \u00e0 d\u00e9placer gr\u00e2ce \u00e0 son design l\u00e9ger et compact.<\/p>\n<p>&nbsp;<\/p>","protected":false},"excerpt":{"rendered":"<p>Une cage compacte et pratique con\u00e7ue pour offrir un habitat confortable et s\u00e9curis\u00e9 aux lapins de petite taille.<\/p>","protected":false},"featured_media":6431,"comment_status":"open","ping_status":"closed","template":"","meta":{"nf_dc_page":"","om_disable_all_campaigns":false,"pagelayer_contact_templates":[],"_pagelayer_content":""},"product_brand":[],"product_cat":[88],"product_tag":[117],"class_list":{"0":"post-6429","1":"product","2":"type-product","3":"status-publish","4":"has-post-thumbnail","6":"product_cat-livestock-equipment","7":"product_tag-livestock-equipment","9":"first","10":"instock","11":"shipping-taxable","12":"purchasable","13":"product-type-simple"},"jetpack_sharing_enabled":true,"_links":{"self":[{"href":"https:\/\/staging.gajolivestock.com\/fr\/wp-json\/wp\/v2\/product\/6429","targetHints":{"allow":["GET"]}}],"collection":[{"href":"https:\/\/staging.gajolivestock.com\/fr\/wp-json\/wp\/v2\/product"}],"about":[{"href":"https:\/\/staging.gajolivestock.com\/fr\/wp-json\/wp\/v2\/types\/product"}],"replies":[{"embeddable":true,"href":"https:\/\/staging.gajolivestock.com\/fr\/wp-json\/wp\/v2\/comments?post=6429"}],"wp:featuredmedia":[{"embeddable":true,"href":"https:\/\/staging.gajolivestock.com\/fr\/wp-json\/wp\/v2\/media\/6431"}],"wp:attachment":[{"href":"https:\/\/staging.gajolivestock.com\/fr\/wp-json\/wp\/v2\/media?parent=6429"}],"wp:term":[{"taxonomy":"product_brand","embeddable":true,"href":"https:\/\/staging.gajolivestock.com\/fr\/wp-json\/wp\/v2\/product_brand?post=6429"},{"taxonomy":"product_cat","embeddable":true,"href":"https:\/\/staging.gajolivestock.com\/fr\/wp-json\/wp\/v2\/product_cat?post=6429"},{"taxonomy":"product_tag","embeddable":true,"href":"https:\/\/staging.gajolivestock.com\/fr\/wp-json\/wp\/v2\/product_tag?post=6429"}],"curies":[{"name":"wp","href":"https:\/\/api.w.org\/{rel}","templated":true}]}}