{"id":6439,"date":"2025-01-22T20:27:57","date_gmt":"2025-01-22T20:27:57","guid":{"rendered":"https:\/\/staging.gajolivestock.com\/?post_type=product&#038;p=6439"},"modified":"2025-02-01T12:51:12","modified_gmt":"2025-02-01T12:51:12","slug":"collar","status":"publish","type":"product","link":"https:\/\/staging.gajolivestock.com\/fr\/produit\/collar\/","title":{"rendered":"Collier"},"content":{"rendered":"<p>Le collier est un accessoire indispensable pour les animaux de compagnie. Fabriqu\u00e9 avec des mat\u00e9riaux durables et r\u00e9glables, il s'adapte parfaitement \u00e0 diff\u00e9rentes tailles d'animaux. Id\u00e9al pour la promenade, l'entra\u00eenement ou l'identification, ce collier allie style et fonctionnalit\u00e9 pour assurer le bien-\u00eatre de votre compagnon.<\/p>\n<p>&nbsp;<\/p>","protected":false},"excerpt":{"rendered":"<p>Un collier r\u00e9glable con\u00e7u pour un usage quotidien, offrant confort et s\u00e9curit\u00e9 aux animaux de compagnie.<\/p>\n<p>&nbsp;<\/p>","protected":false},"featured_media":6441,"comment_status":"open","ping_status":"closed","template":"","meta":{"om_disable_all_campaigns":false,"pagelayer_contact_templates":[],"_pagelayer_content":""},"product_brand":[],"product_cat":[88],"product_tag":[117],"class_list":{"0":"post-6439","1":"product","2":"type-product","3":"status-publish","4":"has-post-thumbnail","6":"product_cat-livestock-equipment","7":"product_tag-livestock-equipment","9":"first","10":"instock","11":"shipping-taxable","12":"purchasable","13":"product-type-simple"},"jetpack_sharing_enabled":true,"_links":{"self":[{"href":"https:\/\/staging.gajolivestock.com\/fr\/wp-json\/wp\/v2\/product\/6439","targetHints":{"allow":["GET"]}}],"collection":[{"href":"https:\/\/staging.gajolivestock.com\/fr\/wp-json\/wp\/v2\/product"}],"about":[{"href":"https:\/\/staging.gajolivestock.com\/fr\/wp-json\/wp\/v2\/types\/product"}],"replies":[{"embeddable":true,"href":"https:\/\/staging.gajolivestock.com\/fr\/wp-json\/wp\/v2\/comments?post=6439"}],"wp:featuredmedia":[{"embeddable":true,"href":"https:\/\/staging.gajolivestock.com\/fr\/wp-json\/wp\/v2\/media\/6441"}],"wp:attachment":[{"href":"https:\/\/staging.gajolivestock.com\/fr\/wp-json\/wp\/v2\/media?parent=6439"}],"wp:term":[{"taxonomy":"product_brand","embeddable":true,"href":"https:\/\/staging.gajolivestock.com\/fr\/wp-json\/wp\/v2\/product_brand?post=6439"},{"taxonomy":"product_cat","embeddable":true,"href":"https:\/\/staging.gajolivestock.com\/fr\/wp-json\/wp\/v2\/product_cat?post=6439"},{"taxonomy":"product_tag","embeddable":true,"href":"https:\/\/staging.gajolivestock.com\/fr\/wp-json\/wp\/v2\/product_tag?post=6439"}],"curies":[{"name":"wp","href":"https:\/\/api.w.org\/{rel}","templated":true}]}}