{"id":6444,"date":"2025-01-22T20:34:34","date_gmt":"2025-01-22T20:34:34","guid":{"rendered":"https:\/\/staging.gajolivestock.com\/?post_type=product&#038;p=6444"},"modified":"2025-02-01T12:50:40","modified_gmt":"2025-02-01T12:50:40","slug":"dog-towel","status":"publish","type":"product","link":"https:\/\/staging.gajolivestock.com\/fr\/produit\/dog-towel\/","title":{"rendered":"Serviette pour chien"},"content":{"rendered":"<p>Cette serviette pour chien est compos\u00e9e d'une microfibre douce et ultra absorbante, parfaite pour s\u00e9cher votre compagnon \u00e0 quatre pattes apr\u00e8s un bain ou une sortie humide. Sa mati\u00e8re l\u00e9g\u00e8re et r\u00e9sistante \u00e9limine rapidement l'humidit\u00e9 tout en offrant un confort optimal \u00e0 votre animal. Lavable en machine, il est facile d'entretien et durable. C\u2019est un accessoire indispensable pour les propri\u00e9taires d\u2019animaux soucieux du bien-\u00eatre de leur chien.<\/p>\n<p>&nbsp;<\/p>","protected":false},"excerpt":{"rendered":"<p>Une serviette absorbante sp\u00e9cialement con\u00e7ue pour s\u00e9cher rapidement et efficacement les chiens apr\u00e8s un bain ou une promenade pluvieuse.<\/p>\n<p>&nbsp;<\/p>","protected":false},"featured_media":6445,"comment_status":"open","ping_status":"closed","template":"","meta":{"nf_dc_page":"","om_disable_all_campaigns":false,"pagelayer_contact_templates":[],"_pagelayer_content":""},"product_brand":[],"product_cat":[88],"product_tag":[117],"class_list":{"0":"post-6444","1":"product","2":"type-product","3":"status-publish","4":"has-post-thumbnail","6":"product_cat-livestock-equipment","7":"product_tag-livestock-equipment","9":"first","10":"instock","11":"shipping-taxable","12":"purchasable","13":"product-type-simple"},"jetpack_sharing_enabled":true,"_links":{"self":[{"href":"https:\/\/staging.gajolivestock.com\/fr\/wp-json\/wp\/v2\/product\/6444","targetHints":{"allow":["GET"]}}],"collection":[{"href":"https:\/\/staging.gajolivestock.com\/fr\/wp-json\/wp\/v2\/product"}],"about":[{"href":"https:\/\/staging.gajolivestock.com\/fr\/wp-json\/wp\/v2\/types\/product"}],"replies":[{"embeddable":true,"href":"https:\/\/staging.gajolivestock.com\/fr\/wp-json\/wp\/v2\/comments?post=6444"}],"wp:featuredmedia":[{"embeddable":true,"href":"https:\/\/staging.gajolivestock.com\/fr\/wp-json\/wp\/v2\/media\/6445"}],"wp:attachment":[{"href":"https:\/\/staging.gajolivestock.com\/fr\/wp-json\/wp\/v2\/media?parent=6444"}],"wp:term":[{"taxonomy":"product_brand","embeddable":true,"href":"https:\/\/staging.gajolivestock.com\/fr\/wp-json\/wp\/v2\/product_brand?post=6444"},{"taxonomy":"product_cat","embeddable":true,"href":"https:\/\/staging.gajolivestock.com\/fr\/wp-json\/wp\/v2\/product_cat?post=6444"},{"taxonomy":"product_tag","embeddable":true,"href":"https:\/\/staging.gajolivestock.com\/fr\/wp-json\/wp\/v2\/product_tag?post=6444"}],"curies":[{"name":"wp","href":"https:\/\/api.w.org\/{rel}","templated":true}]}}