{"id":6501,"date":"2025-01-23T09:16:58","date_gmt":"2025-01-23T09:16:58","guid":{"rendered":"https:\/\/staging.gajolivestock.com\/?post_type=product&#038;p=6501"},"modified":"2025-02-01T12:42:30","modified_gmt":"2025-02-01T12:42:30","slug":"clicker-trainer","status":"publish","type":"product","link":"https:\/\/staging.gajolivestock.com\/fr\/produit\/clicker-trainer\/","title":{"rendered":"Entra\u00eeneur au clicker"},"content":{"rendered":"<p>Le Clicker est un petit appareil utilis\u00e9 pour le dressage des animaux, notamment des chiens. Il produit un son clair et coh\u00e9rent lorsqu\u2019on appuie dessus, renfor\u00e7ant efficacement les comportements positifs. Parfait pour l\u2019entra\u00eenement d\u2019ob\u00e9issance, les astuces et les interactions quotidiennes. Compact et facile \u00e0 transporter, il convient aussi bien aux d\u00e9butants qu'aux entra\u00eeneurs professionnels.<\/p>\n<p>&nbsp;<\/p>","protected":false},"excerpt":{"rendered":"<p>Un outil pratique pour dresser les animaux, \u00e9mettant un son distinct pour renforcer les comportements positifs.<\/p>","protected":false},"featured_media":6502,"comment_status":"open","ping_status":"closed","template":"","meta":{"nf_dc_page":"","om_disable_all_campaigns":false,"pagelayer_contact_templates":[],"_pagelayer_content":""},"product_brand":[],"product_cat":[88],"product_tag":[117],"class_list":{"0":"post-6501","1":"product","2":"type-product","3":"status-publish","4":"has-post-thumbnail","6":"product_cat-livestock-equipment","7":"product_tag-livestock-equipment","9":"first","10":"instock","11":"shipping-taxable","12":"purchasable","13":"product-type-simple"},"jetpack_sharing_enabled":true,"_links":{"self":[{"href":"https:\/\/staging.gajolivestock.com\/fr\/wp-json\/wp\/v2\/product\/6501","targetHints":{"allow":["GET"]}}],"collection":[{"href":"https:\/\/staging.gajolivestock.com\/fr\/wp-json\/wp\/v2\/product"}],"about":[{"href":"https:\/\/staging.gajolivestock.com\/fr\/wp-json\/wp\/v2\/types\/product"}],"replies":[{"embeddable":true,"href":"https:\/\/staging.gajolivestock.com\/fr\/wp-json\/wp\/v2\/comments?post=6501"}],"wp:featuredmedia":[{"embeddable":true,"href":"https:\/\/staging.gajolivestock.com\/fr\/wp-json\/wp\/v2\/media\/6502"}],"wp:attachment":[{"href":"https:\/\/staging.gajolivestock.com\/fr\/wp-json\/wp\/v2\/media?parent=6501"}],"wp:term":[{"taxonomy":"product_brand","embeddable":true,"href":"https:\/\/staging.gajolivestock.com\/fr\/wp-json\/wp\/v2\/product_brand?post=6501"},{"taxonomy":"product_cat","embeddable":true,"href":"https:\/\/staging.gajolivestock.com\/fr\/wp-json\/wp\/v2\/product_cat?post=6501"},{"taxonomy":"product_tag","embeddable":true,"href":"https:\/\/staging.gajolivestock.com\/fr\/wp-json\/wp\/v2\/product_tag?post=6501"}],"curies":[{"name":"wp","href":"https:\/\/api.w.org\/{rel}","templated":true}]}}