{"id":6509,"date":"2025-01-23T09:28:19","date_gmt":"2025-01-23T09:28:19","guid":{"rendered":"https:\/\/staging.gajolivestock.com\/?post_type=product&#038;p=6509"},"modified":"2025-02-01T12:41:56","modified_gmt":"2025-02-01T12:41:56","slug":"flamingo-collar-m","status":"publish","type":"product","link":"https:\/\/staging.gajolivestock.com\/fr\/produit\/flamingo-collar-m\/","title":{"rendered":"Collier Flamingo M"},"content":{"rendered":"<p>Le Flamingo Collar M est con\u00e7u pour les chiens de taille moyenne. Fabriqu\u00e9 avec des mat\u00e9riaux durables et robustes, il offre un ajustement parfait gr\u00e2ce \u00e0 sa boucle r\u00e9glable. Ce collier assure \u00e0 la fois un confort \u00e0 votre animal et une s\u00e9curit\u00e9 optimale lors des promenades. Son design \u00e9l\u00e9gant et moderne en fait un accessoire pratique et styl\u00e9.<\/p>\n<p>&nbsp;<\/p>","protected":false},"excerpt":{"rendered":"<p>Un collier r\u00e9glable et confortable pour chien de taille moyenne, parfait pour un usage quotidien.<\/p>","protected":false},"featured_media":6510,"comment_status":"open","ping_status":"closed","template":"","meta":{"nf_dc_page":"","om_disable_all_campaigns":false,"pagelayer_contact_templates":[],"_pagelayer_content":""},"product_brand":[],"product_cat":[88],"product_tag":[117],"class_list":{"0":"post-6509","1":"product","2":"type-product","3":"status-publish","4":"has-post-thumbnail","6":"product_cat-livestock-equipment","7":"product_tag-livestock-equipment","9":"first","10":"instock","11":"shipping-taxable","12":"purchasable","13":"product-type-simple"},"jetpack_sharing_enabled":true,"_links":{"self":[{"href":"https:\/\/staging.gajolivestock.com\/fr\/wp-json\/wp\/v2\/product\/6509","targetHints":{"allow":["GET"]}}],"collection":[{"href":"https:\/\/staging.gajolivestock.com\/fr\/wp-json\/wp\/v2\/product"}],"about":[{"href":"https:\/\/staging.gajolivestock.com\/fr\/wp-json\/wp\/v2\/types\/product"}],"replies":[{"embeddable":true,"href":"https:\/\/staging.gajolivestock.com\/fr\/wp-json\/wp\/v2\/comments?post=6509"}],"wp:featuredmedia":[{"embeddable":true,"href":"https:\/\/staging.gajolivestock.com\/fr\/wp-json\/wp\/v2\/media\/6510"}],"wp:attachment":[{"href":"https:\/\/staging.gajolivestock.com\/fr\/wp-json\/wp\/v2\/media?parent=6509"}],"wp:term":[{"taxonomy":"product_brand","embeddable":true,"href":"https:\/\/staging.gajolivestock.com\/fr\/wp-json\/wp\/v2\/product_brand?post=6509"},{"taxonomy":"product_cat","embeddable":true,"href":"https:\/\/staging.gajolivestock.com\/fr\/wp-json\/wp\/v2\/product_cat?post=6509"},{"taxonomy":"product_tag","embeddable":true,"href":"https:\/\/staging.gajolivestock.com\/fr\/wp-json\/wp\/v2\/product_tag?post=6509"}],"curies":[{"name":"wp","href":"https:\/\/api.w.org\/{rel}","templated":true}]}}