{"id":6516,"date":"2025-01-23T09:56:19","date_gmt":"2025-01-23T09:56:19","guid":{"rendered":"https:\/\/staging.gajolivestock.com\/?post_type=product&#038;p=6516"},"modified":"2025-02-01T12:37:29","modified_gmt":"2025-02-01T12:37:29","slug":"flamingo-collar-s","status":"publish","type":"product","link":"https:\/\/staging.gajolivestock.com\/fr\/produit\/flamingo-collar-s\/","title":{"rendered":"Collier Flamingo S"},"content":{"rendered":"<p>Le Flamingo Collar S est con\u00e7u pour les petits chiens. Fabriqu\u00e9 avec des mat\u00e9riaux durables, il offre un ajustement pr\u00e9cis gr\u00e2ce \u00e0 sa boucle r\u00e9glable. Ce collier est l\u00e9ger et confortable, ce qui le rend id\u00e9al pour assurer la s\u00e9curit\u00e9 de votre animal tout en ajoutant une touche \u00e9l\u00e9gante. Parfait pour un usage quotidien.<\/p>\n<p>&nbsp;<\/p>","protected":false},"excerpt":{"rendered":"<p>Collier r\u00e9glable et \u00e9l\u00e9gant pour petits chiens, assurant confort et s\u00e9curit\u00e9.<\/p>","protected":false},"featured_media":6518,"comment_status":"open","ping_status":"closed","template":"","meta":{"om_disable_all_campaigns":false,"pagelayer_contact_templates":[],"_pagelayer_content":""},"product_brand":[],"product_cat":[88],"product_tag":[117],"class_list":{"0":"post-6516","1":"product","2":"type-product","3":"status-publish","4":"has-post-thumbnail","6":"product_cat-livestock-equipment","7":"product_tag-livestock-equipment","9":"first","10":"instock","11":"shipping-taxable","12":"purchasable","13":"product-type-simple"},"jetpack_sharing_enabled":true,"_links":{"self":[{"href":"https:\/\/staging.gajolivestock.com\/fr\/wp-json\/wp\/v2\/product\/6516","targetHints":{"allow":["GET"]}}],"collection":[{"href":"https:\/\/staging.gajolivestock.com\/fr\/wp-json\/wp\/v2\/product"}],"about":[{"href":"https:\/\/staging.gajolivestock.com\/fr\/wp-json\/wp\/v2\/types\/product"}],"replies":[{"embeddable":true,"href":"https:\/\/staging.gajolivestock.com\/fr\/wp-json\/wp\/v2\/comments?post=6516"}],"wp:featuredmedia":[{"embeddable":true,"href":"https:\/\/staging.gajolivestock.com\/fr\/wp-json\/wp\/v2\/media\/6518"}],"wp:attachment":[{"href":"https:\/\/staging.gajolivestock.com\/fr\/wp-json\/wp\/v2\/media?parent=6516"}],"wp:term":[{"taxonomy":"product_brand","embeddable":true,"href":"https:\/\/staging.gajolivestock.com\/fr\/wp-json\/wp\/v2\/product_brand?post=6516"},{"taxonomy":"product_cat","embeddable":true,"href":"https:\/\/staging.gajolivestock.com\/fr\/wp-json\/wp\/v2\/product_cat?post=6516"},{"taxonomy":"product_tag","embeddable":true,"href":"https:\/\/staging.gajolivestock.com\/fr\/wp-json\/wp\/v2\/product_tag?post=6516"}],"curies":[{"name":"wp","href":"https:\/\/api.w.org\/{rel}","templated":true}]}}