{"id":6587,"date":"2025-01-23T19:00:39","date_gmt":"2025-01-23T19:00:39","guid":{"rendered":"https:\/\/staging.gajolivestock.com\/?post_type=product&#038;p=6587"},"modified":"2025-02-01T12:27:03","modified_gmt":"2025-02-01T12:27:03","slug":"bowl-for-rat-poodle","status":"publish","type":"product","link":"https:\/\/staging.gajolivestock.com\/fr\/produit\/bowl-for-rat-poodle\/","title":{"rendered":"Bol pour Rat\/Caniche"},"content":{"rendered":"<p>Ce bol de 200 ml est con\u00e7u pour r\u00e9pondre aux besoins alimentaires des petits animaux comme les rats et les caniches. Fabriqu\u00e9 \u00e0 partir d\u2019un mat\u00e9riau durable et non toxique, il est l\u00e9ger, facile \u00e0 manipuler et \u00e0 nettoyer. Sa conception antid\u00e9rapante garantit qu'il reste en place m\u00eame lorsque votre animal mange avec enthousiasme. Parfait pour l'eau ou la nourriture.<\/p>\n<p>&nbsp;<\/p>","protected":false},"excerpt":{"rendered":"<p>Petit bol de 200 ml parfait pour les rats, caniches et autres petits animaux de compagnie, pratique et facile \u00e0 nettoyer.<\/p>","protected":false},"featured_media":6588,"comment_status":"open","ping_status":"closed","template":"","meta":{"nf_dc_page":"","om_disable_all_campaigns":false,"pagelayer_contact_templates":[],"_pagelayer_content":""},"product_brand":[],"product_cat":[88],"product_tag":[117],"class_list":{"0":"post-6587","1":"product","2":"type-product","3":"status-publish","4":"has-post-thumbnail","6":"product_cat-livestock-equipment","7":"product_tag-livestock-equipment","9":"first","10":"instock","11":"shipping-taxable","12":"purchasable","13":"product-type-simple"},"jetpack_sharing_enabled":true,"_links":{"self":[{"href":"https:\/\/staging.gajolivestock.com\/fr\/wp-json\/wp\/v2\/product\/6587","targetHints":{"allow":["GET"]}}],"collection":[{"href":"https:\/\/staging.gajolivestock.com\/fr\/wp-json\/wp\/v2\/product"}],"about":[{"href":"https:\/\/staging.gajolivestock.com\/fr\/wp-json\/wp\/v2\/types\/product"}],"replies":[{"embeddable":true,"href":"https:\/\/staging.gajolivestock.com\/fr\/wp-json\/wp\/v2\/comments?post=6587"}],"wp:featuredmedia":[{"embeddable":true,"href":"https:\/\/staging.gajolivestock.com\/fr\/wp-json\/wp\/v2\/media\/6588"}],"wp:attachment":[{"href":"https:\/\/staging.gajolivestock.com\/fr\/wp-json\/wp\/v2\/media?parent=6587"}],"wp:term":[{"taxonomy":"product_brand","embeddable":true,"href":"https:\/\/staging.gajolivestock.com\/fr\/wp-json\/wp\/v2\/product_brand?post=6587"},{"taxonomy":"product_cat","embeddable":true,"href":"https:\/\/staging.gajolivestock.com\/fr\/wp-json\/wp\/v2\/product_cat?post=6587"},{"taxonomy":"product_tag","embeddable":true,"href":"https:\/\/staging.gajolivestock.com\/fr\/wp-json\/wp\/v2\/product_tag?post=6587"}],"curies":[{"name":"wp","href":"https:\/\/api.w.org\/{rel}","templated":true}]}}