{"id":6590,"date":"2025-01-23T19:21:20","date_gmt":"2025-01-23T19:21:20","guid":{"rendered":"https:\/\/staging.gajolivestock.com\/?post_type=product&#038;p=6590"},"modified":"2025-02-05T08:27:00","modified_gmt":"2025-02-05T08:27:00","slug":"pet-bowl","status":"publish","type":"product","link":"https:\/\/staging.gajolivestock.com\/fr\/produit\/pet-bowl\/","title":{"rendered":"Mangeoire pour animaux"},"content":{"rendered":"<p>Cette gamelle de 30 cm est con\u00e7ue pour les grands animaux, comme les gros chiens ou les chats de grande race. Fabriqu\u00e9 dans un mat\u00e9riau de haute qualit\u00e9, il est r\u00e9sistant aux chocs et facile \u00e0 entretenir. Sa base antid\u00e9rapante \u00e9vite les d\u00e9versements, offrant une stabilit\u00e9 optimale pendant les repas. Sa taille g\u00e9n\u00e9reuse est parfaite pour contenir de grandes quantit\u00e9s d'eau ou de nourriture.<\/p>\n<p>&nbsp;<\/p>","protected":false},"excerpt":{"rendered":"<p>Gamelle pour animaux de 30 cm, parfaite pour les grands animaux, durable et facile \u00e0 nettoyer.<\/p>","protected":false},"featured_media":6591,"comment_status":"open","ping_status":"closed","template":"","meta":{"nf_dc_page":"","om_disable_all_campaigns":false,"pagelayer_contact_templates":[],"_pagelayer_content":""},"product_brand":[],"product_cat":[88],"product_tag":[117],"class_list":{"0":"post-6590","1":"product","2":"type-product","3":"status-publish","4":"has-post-thumbnail","6":"product_cat-livestock-equipment","7":"product_tag-livestock-equipment","9":"first","10":"instock","11":"shipping-taxable","12":"purchasable","13":"product-type-simple"},"jetpack_sharing_enabled":true,"_links":{"self":[{"href":"https:\/\/staging.gajolivestock.com\/fr\/wp-json\/wp\/v2\/product\/6590","targetHints":{"allow":["GET"]}}],"collection":[{"href":"https:\/\/staging.gajolivestock.com\/fr\/wp-json\/wp\/v2\/product"}],"about":[{"href":"https:\/\/staging.gajolivestock.com\/fr\/wp-json\/wp\/v2\/types\/product"}],"replies":[{"embeddable":true,"href":"https:\/\/staging.gajolivestock.com\/fr\/wp-json\/wp\/v2\/comments?post=6590"}],"wp:featuredmedia":[{"embeddable":true,"href":"https:\/\/staging.gajolivestock.com\/fr\/wp-json\/wp\/v2\/media\/6591"}],"wp:attachment":[{"href":"https:\/\/staging.gajolivestock.com\/fr\/wp-json\/wp\/v2\/media?parent=6590"}],"wp:term":[{"taxonomy":"product_brand","embeddable":true,"href":"https:\/\/staging.gajolivestock.com\/fr\/wp-json\/wp\/v2\/product_brand?post=6590"},{"taxonomy":"product_cat","embeddable":true,"href":"https:\/\/staging.gajolivestock.com\/fr\/wp-json\/wp\/v2\/product_cat?post=6590"},{"taxonomy":"product_tag","embeddable":true,"href":"https:\/\/staging.gajolivestock.com\/fr\/wp-json\/wp\/v2\/product_tag?post=6590"}],"curies":[{"name":"wp","href":"https:\/\/api.w.org\/{rel}","templated":true}]}}