{"id":6600,"date":"2025-01-23T19:40:59","date_gmt":"2025-01-23T19:40:59","guid":{"rendered":"https:\/\/staging.gajolivestock.com\/?post_type=product&#038;p=6600"},"modified":"2025-02-01T12:21:19","modified_gmt":"2025-02-01T12:21:19","slug":"large-harness","status":"publish","type":"product","link":"https:\/\/staging.gajolivestock.com\/fr\/produit\/large-harness\/","title":{"rendered":"Harnais large"},"content":{"rendered":"<p>Le Harnais large est sp\u00e9cialement con\u00e7u pour les grands chiens. Fabriqu\u00e9 \u00e0 partir de mat\u00e9riaux robustes et durables, il offre un ajustement parfait gr\u00e2ce \u00e0 des bretelles r\u00e9glables. Ce harnais r\u00e9partit la pression uniform\u00e9ment pour \u00e9viter toute tension sur le cou de votre chien, garantissant ainsi un confort maximal. Parfait pour les promenades, l'entra\u00eenement ou les activit\u00e9s de plein air.<\/p>\n<p>&nbsp;<\/p>","protected":false},"excerpt":{"rendered":"<p>Harnais durable et r\u00e9glable pour grands chiens, offrant confort et contr\u00f4le optimal.<\/p>","protected":false},"featured_media":6602,"comment_status":"open","ping_status":"closed","template":"","meta":{"nf_dc_page":"","om_disable_all_campaigns":false,"pagelayer_contact_templates":[],"_pagelayer_content":""},"product_brand":[],"product_cat":[88],"product_tag":[117],"class_list":{"0":"post-6600","1":"product","2":"type-product","3":"status-publish","4":"has-post-thumbnail","6":"product_cat-livestock-equipment","7":"product_tag-livestock-equipment","9":"first","10":"instock","11":"shipping-taxable","12":"purchasable","13":"product-type-simple"},"jetpack_sharing_enabled":true,"_links":{"self":[{"href":"https:\/\/staging.gajolivestock.com\/fr\/wp-json\/wp\/v2\/product\/6600","targetHints":{"allow":["GET"]}}],"collection":[{"href":"https:\/\/staging.gajolivestock.com\/fr\/wp-json\/wp\/v2\/product"}],"about":[{"href":"https:\/\/staging.gajolivestock.com\/fr\/wp-json\/wp\/v2\/types\/product"}],"replies":[{"embeddable":true,"href":"https:\/\/staging.gajolivestock.com\/fr\/wp-json\/wp\/v2\/comments?post=6600"}],"wp:featuredmedia":[{"embeddable":true,"href":"https:\/\/staging.gajolivestock.com\/fr\/wp-json\/wp\/v2\/media\/6602"}],"wp:attachment":[{"href":"https:\/\/staging.gajolivestock.com\/fr\/wp-json\/wp\/v2\/media?parent=6600"}],"wp:term":[{"taxonomy":"product_brand","embeddable":true,"href":"https:\/\/staging.gajolivestock.com\/fr\/wp-json\/wp\/v2\/product_brand?post=6600"},{"taxonomy":"product_cat","embeddable":true,"href":"https:\/\/staging.gajolivestock.com\/fr\/wp-json\/wp\/v2\/product_cat?post=6600"},{"taxonomy":"product_tag","embeddable":true,"href":"https:\/\/staging.gajolivestock.com\/fr\/wp-json\/wp\/v2\/product_tag?post=6600"}],"curies":[{"name":"wp","href":"https:\/\/api.w.org\/{rel}","templated":true}]}}