{"id":6606,"date":"2025-01-23T19:55:21","date_gmt":"2025-01-23T19:55:21","guid":{"rendered":"https:\/\/staging.gajolivestock.com\/?post_type=product&#038;p=6606"},"modified":"2025-02-08T09:39:14","modified_gmt":"2025-02-08T09:39:14","slug":"scraper","status":"publish","type":"product","link":"https:\/\/staging.gajolivestock.com\/fr\/produit\/scraper\/","title":{"rendered":"Grattoir"},"content":{"rendered":"<p>Le grattoir est un outil indispensable pour nettoyer et entretenir les sabots des animaux comme les chevaux, les ch\u00e8vres ou les bovins. Con\u00e7u avec une lame en acier inoxydable, il \u00e9limine efficacement la boue, les d\u00e9bris et les corps \u00e9trangers des sabots, pr\u00e9venant ainsi les infections et assurant le confort de l'animal. Sa poign\u00e9e ergonomique assure une prise en main confortable et une utilisation facile.<\/p>","protected":false},"excerpt":{"rendered":"<p>Outil pratique pour nettoyer et entretenir les sabots des animaux.<\/p>","protected":false},"featured_media":6607,"comment_status":"open","ping_status":"closed","template":"","meta":{"nf_dc_page":"","om_disable_all_campaigns":false,"pagelayer_contact_templates":[],"_pagelayer_content":""},"product_brand":[],"product_cat":[88],"product_tag":[],"class_list":{"0":"post-6606","1":"product","2":"type-product","3":"status-publish","4":"has-post-thumbnail","6":"product_cat-livestock-equipment","8":"first","9":"instock","10":"shipping-taxable","11":"purchasable","12":"product-type-simple"},"jetpack_sharing_enabled":true,"_links":{"self":[{"href":"https:\/\/staging.gajolivestock.com\/fr\/wp-json\/wp\/v2\/product\/6606","targetHints":{"allow":["GET"]}}],"collection":[{"href":"https:\/\/staging.gajolivestock.com\/fr\/wp-json\/wp\/v2\/product"}],"about":[{"href":"https:\/\/staging.gajolivestock.com\/fr\/wp-json\/wp\/v2\/types\/product"}],"replies":[{"embeddable":true,"href":"https:\/\/staging.gajolivestock.com\/fr\/wp-json\/wp\/v2\/comments?post=6606"}],"wp:featuredmedia":[{"embeddable":true,"href":"https:\/\/staging.gajolivestock.com\/fr\/wp-json\/wp\/v2\/media\/6607"}],"wp:attachment":[{"href":"https:\/\/staging.gajolivestock.com\/fr\/wp-json\/wp\/v2\/media?parent=6606"}],"wp:term":[{"taxonomy":"product_brand","embeddable":true,"href":"https:\/\/staging.gajolivestock.com\/fr\/wp-json\/wp\/v2\/product_brand?post=6606"},{"taxonomy":"product_cat","embeddable":true,"href":"https:\/\/staging.gajolivestock.com\/fr\/wp-json\/wp\/v2\/product_cat?post=6606"},{"taxonomy":"product_tag","embeddable":true,"href":"https:\/\/staging.gajolivestock.com\/fr\/wp-json\/wp\/v2\/product_tag?post=6606"}],"curies":[{"name":"wp","href":"https:\/\/api.w.org\/{rel}","templated":true}]}}