{"id":6648,"date":"2025-01-24T07:59:19","date_gmt":"2025-01-24T07:59:19","guid":{"rendered":"https:\/\/staging.gajolivestock.com\/?post_type=product&#038;p=6648"},"modified":"2025-02-01T11:52:20","modified_gmt":"2025-02-01T11:52:20","slug":"afrino","status":"publish","type":"product","link":"https:\/\/staging.gajolivestock.com\/fr\/produit\/afrino\/","title":{"rendered":"Afrino"},"content":{"rendered":"<p>Il est tr\u00e8s appr\u00e9ci\u00e9 pour son adaptabilit\u00e9 \u00e0 diff\u00e9rents climats, ce qui en fait une race id\u00e9ale pour les agriculteurs d'Afrique et d'autres r\u00e9gions chaudes. Sa laine fine est utilis\u00e9e pour produire des textiles de haute qualit\u00e9, tandis que sa viande est tendre et savoureuse.<\/p>\n<p>&nbsp;<\/p>","protected":false},"excerpt":{"rendered":"<p>Afrino est une race ovine connue pour sa laine douce et sa viande de haute qualit\u00e9. Originaire d'Afrique du Sud, il est \u00e9lev\u00e9 pour ses performances exceptionnelles en production de laine et de viande.<\/p>","protected":false},"featured_media":6650,"comment_status":"open","ping_status":"closed","template":"","meta":{"nf_dc_page":"","om_disable_all_campaigns":false,"pagelayer_contact_templates":[],"_pagelayer_content":""},"product_brand":[],"product_cat":[86],"product_tag":[114],"class_list":{"0":"post-6648","1":"product","2":"type-product","3":"status-publish","4":"has-post-thumbnail","6":"product_cat-sheep","7":"product_tag-sheep","9":"first","10":"instock","11":"shipping-taxable","12":"purchasable","13":"product-type-simple"},"jetpack_sharing_enabled":true,"_links":{"self":[{"href":"https:\/\/staging.gajolivestock.com\/fr\/wp-json\/wp\/v2\/product\/6648","targetHints":{"allow":["GET"]}}],"collection":[{"href":"https:\/\/staging.gajolivestock.com\/fr\/wp-json\/wp\/v2\/product"}],"about":[{"href":"https:\/\/staging.gajolivestock.com\/fr\/wp-json\/wp\/v2\/types\/product"}],"replies":[{"embeddable":true,"href":"https:\/\/staging.gajolivestock.com\/fr\/wp-json\/wp\/v2\/comments?post=6648"}],"wp:featuredmedia":[{"embeddable":true,"href":"https:\/\/staging.gajolivestock.com\/fr\/wp-json\/wp\/v2\/media\/6650"}],"wp:attachment":[{"href":"https:\/\/staging.gajolivestock.com\/fr\/wp-json\/wp\/v2\/media?parent=6648"}],"wp:term":[{"taxonomy":"product_brand","embeddable":true,"href":"https:\/\/staging.gajolivestock.com\/fr\/wp-json\/wp\/v2\/product_brand?post=6648"},{"taxonomy":"product_cat","embeddable":true,"href":"https:\/\/staging.gajolivestock.com\/fr\/wp-json\/wp\/v2\/product_cat?post=6648"},{"taxonomy":"product_tag","embeddable":true,"href":"https:\/\/staging.gajolivestock.com\/fr\/wp-json\/wp\/v2\/product_tag?post=6648"}],"curies":[{"name":"wp","href":"https:\/\/api.w.org\/{rel}","templated":true}]}}