{"id":6711,"date":"2025-01-24T09:13:44","date_gmt":"2025-01-24T09:13:44","guid":{"rendered":"https:\/\/staging.gajolivestock.com\/?post_type=product&#038;p=6711"},"modified":"2025-02-01T11:49:57","modified_gmt":"2025-02-01T11:49:57","slug":"beni-guil","status":"publish","type":"product","link":"https:\/\/staging.gajolivestock.com\/fr\/produit\/beni-guil\/","title":{"rendered":"Beni-Guil"},"content":{"rendered":"<p>Ces moutons sont robustes et bien adapt\u00e9s aux conditions climatiques difficiles, ce qui les rend id\u00e9aux pour l'\u00e9levage extensif. Si leur laine est utilis\u00e9e pour l\u2019artisanat local, leur principale valeur r\u00e9side dans la production de viande.<\/p>\n<p>&nbsp;<\/p>","protected":false},"excerpt":{"rendered":"<p>Le Beni-Guil est une race ovine originaire du Maroc, connue pour sa viande tendre et savoureuse et son adaptabilit\u00e9 aux milieux arides.<\/p>","protected":false},"featured_media":6715,"comment_status":"open","ping_status":"closed","template":"","meta":{"nf_dc_page":"","om_disable_all_campaigns":false,"pagelayer_contact_templates":[],"_pagelayer_content":""},"product_brand":[],"product_cat":[84,86],"product_tag":[115,114],"class_list":{"0":"post-6711","1":"product","2":"type-product","3":"status-publish","4":"has-post-thumbnail","6":"product_cat-cattle","7":"product_cat-sheep","8":"product_tag-cattle","9":"product_tag-sheep","11":"first","12":"instock","13":"shipping-taxable","14":"purchasable","15":"product-type-simple"},"jetpack_sharing_enabled":true,"_links":{"self":[{"href":"https:\/\/staging.gajolivestock.com\/fr\/wp-json\/wp\/v2\/product\/6711","targetHints":{"allow":["GET"]}}],"collection":[{"href":"https:\/\/staging.gajolivestock.com\/fr\/wp-json\/wp\/v2\/product"}],"about":[{"href":"https:\/\/staging.gajolivestock.com\/fr\/wp-json\/wp\/v2\/types\/product"}],"replies":[{"embeddable":true,"href":"https:\/\/staging.gajolivestock.com\/fr\/wp-json\/wp\/v2\/comments?post=6711"}],"wp:featuredmedia":[{"embeddable":true,"href":"https:\/\/staging.gajolivestock.com\/fr\/wp-json\/wp\/v2\/media\/6715"}],"wp:attachment":[{"href":"https:\/\/staging.gajolivestock.com\/fr\/wp-json\/wp\/v2\/media?parent=6711"}],"wp:term":[{"taxonomy":"product_brand","embeddable":true,"href":"https:\/\/staging.gajolivestock.com\/fr\/wp-json\/wp\/v2\/product_brand?post=6711"},{"taxonomy":"product_cat","embeddable":true,"href":"https:\/\/staging.gajolivestock.com\/fr\/wp-json\/wp\/v2\/product_cat?post=6711"},{"taxonomy":"product_tag","embeddable":true,"href":"https:\/\/staging.gajolivestock.com\/fr\/wp-json\/wp\/v2\/product_tag?post=6711"}],"curies":[{"name":"wp","href":"https:\/\/api.w.org\/{rel}","templated":true}]}}