{"id":6774,"date":"2025-01-24T15:54:42","date_gmt":"2025-01-24T15:54:42","guid":{"rendered":"https:\/\/staging.gajolivestock.com\/?post_type=product&#038;p=6774"},"modified":"2025-02-01T11:49:13","modified_gmt":"2025-02-01T11:49:13","slug":"timahdite","status":"publish","type":"product","link":"https:\/\/staging.gajolivestock.com\/fr\/produit\/timahdite\/","title":{"rendered":"Timahdite"},"content":{"rendered":"<p>Connue pour sa viande tendre et savoureuse, la Timahdite est une race robuste qui n\u00e9cessite un minimum de soins. Il est \u00e9galement appr\u00e9ci\u00e9 pour sa laine, utilis\u00e9e dans l'artisanat local. Cette race rev\u00eat une importance \u00e9conomique et culturelle importante dans les zones rurales du Maroc.<\/p>\n<p>&nbsp;<\/p>","protected":false},"excerpt":{"rendered":"<p>Le Timahdite est une race ovine du Moyen Atlas marocain, connue pour sa rusticit\u00e9, sa viande savoureuse et son adaptabilit\u00e9 aux climats montagneux.<\/p>","protected":false},"featured_media":6775,"comment_status":"open","ping_status":"closed","template":"","meta":{"om_disable_all_campaigns":false,"pagelayer_contact_templates":[],"_pagelayer_content":""},"product_brand":[],"product_cat":[86],"product_tag":[114],"class_list":{"0":"post-6774","1":"product","2":"type-product","3":"status-publish","4":"has-post-thumbnail","6":"product_cat-sheep","7":"product_tag-sheep","9":"first","10":"instock","11":"shipping-taxable","12":"purchasable","13":"product-type-simple"},"jetpack_sharing_enabled":true,"_links":{"self":[{"href":"https:\/\/staging.gajolivestock.com\/fr\/wp-json\/wp\/v2\/product\/6774","targetHints":{"allow":["GET"]}}],"collection":[{"href":"https:\/\/staging.gajolivestock.com\/fr\/wp-json\/wp\/v2\/product"}],"about":[{"href":"https:\/\/staging.gajolivestock.com\/fr\/wp-json\/wp\/v2\/types\/product"}],"replies":[{"embeddable":true,"href":"https:\/\/staging.gajolivestock.com\/fr\/wp-json\/wp\/v2\/comments?post=6774"}],"wp:featuredmedia":[{"embeddable":true,"href":"https:\/\/staging.gajolivestock.com\/fr\/wp-json\/wp\/v2\/media\/6775"}],"wp:attachment":[{"href":"https:\/\/staging.gajolivestock.com\/fr\/wp-json\/wp\/v2\/media?parent=6774"}],"wp:term":[{"taxonomy":"product_brand","embeddable":true,"href":"https:\/\/staging.gajolivestock.com\/fr\/wp-json\/wp\/v2\/product_brand?post=6774"},{"taxonomy":"product_cat","embeddable":true,"href":"https:\/\/staging.gajolivestock.com\/fr\/wp-json\/wp\/v2\/product_cat?post=6774"},{"taxonomy":"product_tag","embeddable":true,"href":"https:\/\/staging.gajolivestock.com\/fr\/wp-json\/wp\/v2\/product_tag?post=6774"}],"curies":[{"name":"wp","href":"https:\/\/api.w.org\/{rel}","templated":true}]}}