{"id":6777,"date":"2025-01-24T16:08:01","date_gmt":"2025-01-24T16:08:01","guid":{"rendered":"https:\/\/staging.gajolivestock.com\/?post_type=product&#038;p=6777"},"modified":"2025-02-07T14:07:06","modified_gmt":"2025-02-07T14:07:06","slug":"south-african-meat-merino","status":"publish","type":"product","link":"https:\/\/staging.gajolivestock.com\/fr\/produit\/south-african-meat-merino\/","title":{"rendered":"M\u00e9rinos sud-africain"},"content":{"rendered":"<p>Leur viande est tendre et savoureuse, tandis que leur laine est appr\u00e9ci\u00e9e pour sa finesse et sa douceur, utilis\u00e9e dans les textiles haut de gamme. Le SAM est souvent \u00e9lev\u00e9 dans des syst\u00e8mes semi-intensifs pour maximiser ses performances.<\/p>\n<p>&nbsp;<\/p>","protected":false},"excerpt":{"rendered":"<ul>\n<li>Le m\u00e9rinos sud-africain est une race ovine polyvalente originaire d'Afrique du Sud, connue pour sa viande de haute qualit\u00e9 et sa laine fine.<\/li>\n<\/ul>","protected":false},"featured_media":6779,"comment_status":"open","ping_status":"closed","template":"","meta":{"om_disable_all_campaigns":false,"pagelayer_contact_templates":[],"_pagelayer_content":""},"product_brand":[],"product_cat":[86],"product_tag":[114],"class_list":{"0":"post-6777","1":"product","2":"type-product","3":"status-publish","4":"has-post-thumbnail","6":"product_cat-sheep","7":"product_tag-sheep","9":"first","10":"instock","11":"shipping-taxable","12":"purchasable","13":"product-type-simple"},"jetpack_sharing_enabled":true,"_links":{"self":[{"href":"https:\/\/staging.gajolivestock.com\/fr\/wp-json\/wp\/v2\/product\/6777","targetHints":{"allow":["GET"]}}],"collection":[{"href":"https:\/\/staging.gajolivestock.com\/fr\/wp-json\/wp\/v2\/product"}],"about":[{"href":"https:\/\/staging.gajolivestock.com\/fr\/wp-json\/wp\/v2\/types\/product"}],"replies":[{"embeddable":true,"href":"https:\/\/staging.gajolivestock.com\/fr\/wp-json\/wp\/v2\/comments?post=6777"}],"wp:featuredmedia":[{"embeddable":true,"href":"https:\/\/staging.gajolivestock.com\/fr\/wp-json\/wp\/v2\/media\/6779"}],"wp:attachment":[{"href":"https:\/\/staging.gajolivestock.com\/fr\/wp-json\/wp\/v2\/media?parent=6777"}],"wp:term":[{"taxonomy":"product_brand","embeddable":true,"href":"https:\/\/staging.gajolivestock.com\/fr\/wp-json\/wp\/v2\/product_brand?post=6777"},{"taxonomy":"product_cat","embeddable":true,"href":"https:\/\/staging.gajolivestock.com\/fr\/wp-json\/wp\/v2\/product_cat?post=6777"},{"taxonomy":"product_tag","embeddable":true,"href":"https:\/\/staging.gajolivestock.com\/fr\/wp-json\/wp\/v2\/product_tag?post=6777"}],"curies":[{"name":"wp","href":"https:\/\/api.w.org\/{rel}","templated":true}]}}