{"id":6808,"date":"2025-01-25T07:29:54","date_gmt":"2025-01-25T07:29:54","guid":{"rendered":"https:\/\/staging.gajolivestock.com\/?post_type=product&#038;p=6808"},"modified":"2025-02-06T04:30:14","modified_gmt":"2025-02-06T04:30:14","slug":"croquette-arion-25-10","status":"publish","type":"product","link":"https:\/\/staging.gajolivestock.com\/fr\/produit\/croquette-arion-25-10\/","title":{"rendered":"CROQUETTE ARION 25-10"},"content":{"rendered":"<p style=\"text-align: left;\">Ces croquettes sont sp\u00e9cialement con\u00e7ues pour les chiens adultes ayant un niveau d'activit\u00e9 mod\u00e9r\u00e9. Il convient aux chiens qui ne sont pas excessivement actifs, mais qui ont n\u00e9anmoins besoin de prot\u00e9ines et d'\u00e9nergie pour soutenir leur vie quotidienne.<\/p>\n<p style=\"text-align: center;\">","protected":false},"excerpt":{"rendered":"<p>La formulation contient 25 % de prot\u00e9ines, ce qui est id\u00e9al pour maintenir la masse musculaire et favoriser la r\u00e9cup\u00e9ration apr\u00e8s l'effort.<\/p>","protected":false},"featured_media":6792,"comment_status":"open","ping_status":"closed","template":"","meta":{"nf_dc_page":"","om_disable_all_campaigns":false,"pagelayer_contact_templates":[],"_pagelayer_content":""},"product_brand":[],"product_cat":[85],"product_tag":[111],"class_list":{"0":"post-6808","1":"product","2":"type-product","3":"status-publish","4":"has-post-thumbnail","6":"product_cat-animal-feed-supplements","7":"product_tag-animal-feed-supplements","9":"first","10":"instock","11":"shipping-taxable","12":"purchasable","13":"product-type-simple"},"jetpack_sharing_enabled":true,"_links":{"self":[{"href":"https:\/\/staging.gajolivestock.com\/fr\/wp-json\/wp\/v2\/product\/6808","targetHints":{"allow":["GET"]}}],"collection":[{"href":"https:\/\/staging.gajolivestock.com\/fr\/wp-json\/wp\/v2\/product"}],"about":[{"href":"https:\/\/staging.gajolivestock.com\/fr\/wp-json\/wp\/v2\/types\/product"}],"replies":[{"embeddable":true,"href":"https:\/\/staging.gajolivestock.com\/fr\/wp-json\/wp\/v2\/comments?post=6808"}],"wp:featuredmedia":[{"embeddable":true,"href":"https:\/\/staging.gajolivestock.com\/fr\/wp-json\/wp\/v2\/media\/6792"}],"wp:attachment":[{"href":"https:\/\/staging.gajolivestock.com\/fr\/wp-json\/wp\/v2\/media?parent=6808"}],"wp:term":[{"taxonomy":"product_brand","embeddable":true,"href":"https:\/\/staging.gajolivestock.com\/fr\/wp-json\/wp\/v2\/product_brand?post=6808"},{"taxonomy":"product_cat","embeddable":true,"href":"https:\/\/staging.gajolivestock.com\/fr\/wp-json\/wp\/v2\/product_cat?post=6808"},{"taxonomy":"product_tag","embeddable":true,"href":"https:\/\/staging.gajolivestock.com\/fr\/wp-json\/wp\/v2\/product_tag?post=6808"}],"curies":[{"name":"wp","href":"https:\/\/api.w.org\/{rel}","templated":true}]}}