{"id":6809,"date":"2025-01-25T07:35:35","date_gmt":"2025-01-25T07:35:35","guid":{"rendered":"https:\/\/staging.gajolivestock.com\/?post_type=product&#038;p=6809"},"modified":"2025-02-07T16:17:51","modified_gmt":"2025-02-07T16:17:51","slug":"croquette-wolpy-croc","status":"publish","type":"product","link":"https:\/\/staging.gajolivestock.com\/fr\/produit\/croquette-wolpy-croc\/","title":{"rendered":"CROQUETTE WOLPY CROC"},"content":{"rendered":"<p style=\"text-align: left\">Ces croquettes sont destin\u00e9es en priorit\u00e9 aux chiens adultes ayant des besoins nutritionnels standards. Ils sont formul\u00e9s pour r\u00e9pondre aux besoins en prot\u00e9ines, en graisses et en autres nutriments n\u00e9cessaires au maintien d'un chien en bonne sant\u00e9.<\/p>\n<p style=\"text-align: center\">","protected":false},"excerpt":{"rendered":"<p>Les vitamines et min\u00e9raux contenus dans ces croquettes contribuent \u00e0 soutenir le syst\u00e8me immunitaire du chien, pour le maintenir en bonne sant\u00e9.<\/p>","protected":false},"featured_media":6785,"comment_status":"open","ping_status":"closed","template":"","meta":{"nf_dc_page":"","om_disable_all_campaigns":false,"pagelayer_contact_templates":[],"_pagelayer_content":""},"product_brand":[],"product_cat":[85],"product_tag":[111],"class_list":{"0":"post-6809","1":"product","2":"type-product","3":"status-publish","4":"has-post-thumbnail","6":"product_cat-animal-feed-supplements","7":"product_tag-animal-feed-supplements","9":"first","10":"instock","11":"shipping-taxable","12":"purchasable","13":"product-type-simple"},"jetpack_sharing_enabled":true,"_links":{"self":[{"href":"https:\/\/staging.gajolivestock.com\/fr\/wp-json\/wp\/v2\/product\/6809","targetHints":{"allow":["GET"]}}],"collection":[{"href":"https:\/\/staging.gajolivestock.com\/fr\/wp-json\/wp\/v2\/product"}],"about":[{"href":"https:\/\/staging.gajolivestock.com\/fr\/wp-json\/wp\/v2\/types\/product"}],"replies":[{"embeddable":true,"href":"https:\/\/staging.gajolivestock.com\/fr\/wp-json\/wp\/v2\/comments?post=6809"}],"wp:featuredmedia":[{"embeddable":true,"href":"https:\/\/staging.gajolivestock.com\/fr\/wp-json\/wp\/v2\/media\/6785"}],"wp:attachment":[{"href":"https:\/\/staging.gajolivestock.com\/fr\/wp-json\/wp\/v2\/media?parent=6809"}],"wp:term":[{"taxonomy":"product_brand","embeddable":true,"href":"https:\/\/staging.gajolivestock.com\/fr\/wp-json\/wp\/v2\/product_brand?post=6809"},{"taxonomy":"product_cat","embeddable":true,"href":"https:\/\/staging.gajolivestock.com\/fr\/wp-json\/wp\/v2\/product_cat?post=6809"},{"taxonomy":"product_tag","embeddable":true,"href":"https:\/\/staging.gajolivestock.com\/fr\/wp-json\/wp\/v2\/product_tag?post=6809"}],"curies":[{"name":"wp","href":"https:\/\/api.w.org\/{rel}","templated":true}]}}