{"id":6810,"date":"2025-01-25T07:39:53","date_gmt":"2025-01-25T07:39:53","guid":{"rendered":"https:\/\/staging.gajolivestock.com\/?post_type=product&#038;p=6810"},"modified":"2025-02-07T16:18:10","modified_gmt":"2025-02-07T16:18:10","slug":"croquette-wolpy-chasse","status":"publish","type":"product","link":"https:\/\/staging.gajolivestock.com\/fr\/produit\/croquette-wolpy-chasse\/","title":{"rendered":"CROQUETTE WOLPY"},"content":{"rendered":"<p style=\"text-align: left\">Ces croquettes sont id\u00e9ales pour les chiens pratiquant des activit\u00e9s physiques exigeantes comme la chasse, les sports canins, ou toute autre activit\u00e9 n\u00e9cessitant une d\u00e9pense \u00e9nerg\u00e9tique importante.<\/p>\n<p style=\"text-align: center\">","protected":false},"excerpt":{"rendered":"<p>Les croquettes sont con\u00e7ues pour fournir une \u00e9nergie durable, essentielle aux chiens de chasse ou de travail.<\/p>","protected":false},"featured_media":6784,"comment_status":"open","ping_status":"closed","template":"","meta":{"om_disable_all_campaigns":false,"pagelayer_contact_templates":[],"_pagelayer_content":""},"product_brand":[],"product_cat":[85],"product_tag":[111],"class_list":{"0":"post-6810","1":"product","2":"type-product","3":"status-publish","4":"has-post-thumbnail","6":"product_cat-animal-feed-supplements","7":"product_tag-animal-feed-supplements","9":"first","10":"instock","11":"shipping-taxable","12":"purchasable","13":"product-type-simple"},"jetpack_sharing_enabled":true,"_links":{"self":[{"href":"https:\/\/staging.gajolivestock.com\/fr\/wp-json\/wp\/v2\/product\/6810","targetHints":{"allow":["GET"]}}],"collection":[{"href":"https:\/\/staging.gajolivestock.com\/fr\/wp-json\/wp\/v2\/product"}],"about":[{"href":"https:\/\/staging.gajolivestock.com\/fr\/wp-json\/wp\/v2\/types\/product"}],"replies":[{"embeddable":true,"href":"https:\/\/staging.gajolivestock.com\/fr\/wp-json\/wp\/v2\/comments?post=6810"}],"wp:featuredmedia":[{"embeddable":true,"href":"https:\/\/staging.gajolivestock.com\/fr\/wp-json\/wp\/v2\/media\/6784"}],"wp:attachment":[{"href":"https:\/\/staging.gajolivestock.com\/fr\/wp-json\/wp\/v2\/media?parent=6810"}],"wp:term":[{"taxonomy":"product_brand","embeddable":true,"href":"https:\/\/staging.gajolivestock.com\/fr\/wp-json\/wp\/v2\/product_brand?post=6810"},{"taxonomy":"product_cat","embeddable":true,"href":"https:\/\/staging.gajolivestock.com\/fr\/wp-json\/wp\/v2\/product_cat?post=6810"},{"taxonomy":"product_tag","embeddable":true,"href":"https:\/\/staging.gajolivestock.com\/fr\/wp-json\/wp\/v2\/product_tag?post=6810"}],"curies":[{"name":"wp","href":"https:\/\/api.w.org\/{rel}","templated":true}]}}