{"id":6814,"date":"2025-01-25T07:50:01","date_gmt":"2025-01-25T07:50:01","guid":{"rendered":"https:\/\/staging.gajolivestock.com\/?post_type=product&#038;p=6814"},"modified":"2025-02-07T16:15:25","modified_gmt":"2025-02-07T16:15:25","slug":"croquette-happy-dog","status":"publish","type":"product","link":"https:\/\/staging.gajolivestock.com\/fr\/produit\/croquette-happy-dog\/","title":{"rendered":"HAPPY DOG ADULT"},"content":{"rendered":"<p style=\"text-align: left\">Les croquettes Happy Dog sont con\u00e7ues pour apporter une alimentation compl\u00e8te et \u00e9quilibr\u00e9e, apportant tous les nutriments n\u00e9cessaires \u00e0 la sant\u00e9 g\u00e9n\u00e9rale du chien.<\/p>\n<p style=\"text-align: center\">","protected":false},"excerpt":{"rendered":"<p>Gr\u00e2ce \u00e0 l'inclusion de fibres v\u00e9g\u00e9tales et de l\u00e9gumes, les croquettes Happy Dog favorisent une digestion optimale et un transit intestinal r\u00e9gulier.<\/p>","protected":false},"featured_media":6803,"comment_status":"open","ping_status":"closed","template":"","meta":{"om_disable_all_campaigns":false,"pagelayer_contact_templates":[],"_pagelayer_content":""},"product_brand":[],"product_cat":[85],"product_tag":[111],"class_list":{"0":"post-6814","1":"product","2":"type-product","3":"status-publish","4":"has-post-thumbnail","6":"product_cat-animal-feed-supplements","7":"product_tag-animal-feed-supplements","9":"first","10":"instock","11":"shipping-taxable","12":"purchasable","13":"product-type-simple"},"jetpack_sharing_enabled":true,"_links":{"self":[{"href":"https:\/\/staging.gajolivestock.com\/fr\/wp-json\/wp\/v2\/product\/6814","targetHints":{"allow":["GET"]}}],"collection":[{"href":"https:\/\/staging.gajolivestock.com\/fr\/wp-json\/wp\/v2\/product"}],"about":[{"href":"https:\/\/staging.gajolivestock.com\/fr\/wp-json\/wp\/v2\/types\/product"}],"replies":[{"embeddable":true,"href":"https:\/\/staging.gajolivestock.com\/fr\/wp-json\/wp\/v2\/comments?post=6814"}],"wp:featuredmedia":[{"embeddable":true,"href":"https:\/\/staging.gajolivestock.com\/fr\/wp-json\/wp\/v2\/media\/6803"}],"wp:attachment":[{"href":"https:\/\/staging.gajolivestock.com\/fr\/wp-json\/wp\/v2\/media?parent=6814"}],"wp:term":[{"taxonomy":"product_brand","embeddable":true,"href":"https:\/\/staging.gajolivestock.com\/fr\/wp-json\/wp\/v2\/product_brand?post=6814"},{"taxonomy":"product_cat","embeddable":true,"href":"https:\/\/staging.gajolivestock.com\/fr\/wp-json\/wp\/v2\/product_cat?post=6814"},{"taxonomy":"product_tag","embeddable":true,"href":"https:\/\/staging.gajolivestock.com\/fr\/wp-json\/wp\/v2\/product_tag?post=6814"}],"curies":[{"name":"wp","href":"https:\/\/api.w.org\/{rel}","templated":true}]}}