{"id":6815,"date":"2025-01-25T07:57:29","date_gmt":"2025-01-25T07:57:29","guid":{"rendered":"https:\/\/staging.gajolivestock.com\/?post_type=product&#038;p=6815"},"modified":"2025-02-07T16:15:47","modified_gmt":"2025-02-07T16:15:47","slug":"croquette-happy-dog-2","status":"publish","type":"product","link":"https:\/\/staging.gajolivestock.com\/fr\/produit\/croquette-happy-dog-2\/","title":{"rendered":"HAPPY DOG JUNIOR"},"content":{"rendered":"<p style=\"text-align: left\">Happy Dog privil\u00e9gie les sources de prot\u00e9ines animales de haute qualit\u00e9, essentielles \u00e0 la croissance, \u00e0 la r\u00e9paration des tissus musculaires et au maintien d'une bonne condition physique.<\/p>\n<p style=\"text-align: center\">","protected":false},"excerpt":{"rendered":"<p>Gr\u00e2ce \u00e0 l'inclusion de fibres v\u00e9g\u00e9tales et de l\u00e9gumes, les croquettes Happy Dog favorisent une digestion optimale et un transit intestinal r\u00e9gulier.<\/p>","protected":false},"featured_media":6800,"comment_status":"open","ping_status":"closed","template":"","meta":{"om_disable_all_campaigns":false,"pagelayer_contact_templates":[],"_pagelayer_content":""},"product_brand":[],"product_cat":[85],"product_tag":[111],"class_list":{"0":"post-6815","1":"product","2":"type-product","3":"status-publish","4":"has-post-thumbnail","6":"product_cat-animal-feed-supplements","7":"product_tag-animal-feed-supplements","9":"first","10":"instock","11":"shipping-taxable","12":"purchasable","13":"product-type-simple"},"jetpack_sharing_enabled":true,"_links":{"self":[{"href":"https:\/\/staging.gajolivestock.com\/fr\/wp-json\/wp\/v2\/product\/6815","targetHints":{"allow":["GET"]}}],"collection":[{"href":"https:\/\/staging.gajolivestock.com\/fr\/wp-json\/wp\/v2\/product"}],"about":[{"href":"https:\/\/staging.gajolivestock.com\/fr\/wp-json\/wp\/v2\/types\/product"}],"replies":[{"embeddable":true,"href":"https:\/\/staging.gajolivestock.com\/fr\/wp-json\/wp\/v2\/comments?post=6815"}],"wp:featuredmedia":[{"embeddable":true,"href":"https:\/\/staging.gajolivestock.com\/fr\/wp-json\/wp\/v2\/media\/6800"}],"wp:attachment":[{"href":"https:\/\/staging.gajolivestock.com\/fr\/wp-json\/wp\/v2\/media?parent=6815"}],"wp:term":[{"taxonomy":"product_brand","embeddable":true,"href":"https:\/\/staging.gajolivestock.com\/fr\/wp-json\/wp\/v2\/product_brand?post=6815"},{"taxonomy":"product_cat","embeddable":true,"href":"https:\/\/staging.gajolivestock.com\/fr\/wp-json\/wp\/v2\/product_cat?post=6815"},{"taxonomy":"product_tag","embeddable":true,"href":"https:\/\/staging.gajolivestock.com\/fr\/wp-json\/wp\/v2\/product_tag?post=6815"}],"curies":[{"name":"wp","href":"https:\/\/api.w.org\/{rel}","templated":true}]}}