{"id":6817,"date":"2025-01-25T08:08:41","date_gmt":"2025-01-25T08:08:41","guid":{"rendered":"https:\/\/staging.gajolivestock.com\/?post_type=product&#038;p=6817"},"modified":"2025-02-07T16:16:13","modified_gmt":"2025-02-07T16:16:13","slug":"croquette-heppy-dog-p","status":"publish","type":"product","link":"https:\/\/staging.gajolivestock.com\/fr\/produit\/croquette-heppy-dog-p\/","title":{"rendered":"HAPPY DOG PUPPY"},"content":{"rendered":"<p style=\"text-align: left\">Ces croquettes sont con\u00e7ues pour offrir une nutrition optimale aux chiots en pleine croissance. Ils soutiennent leur d\u00e9veloppement musculaire, leur formation osseuse et leur syst\u00e8me immunitaire pendant cette p\u00e9riode cruciale.<\/p>\n<p style=\"text-align: center\">","protected":false},"excerpt":{"rendered":"<p>Gr\u00e2ce \u00e0 des ingr\u00e9dients facilement digestibles et des fibres naturelles, ces croquettes favorisent une digestion saine et un transit intestinal optimal.<\/p>","protected":false},"featured_media":6805,"comment_status":"open","ping_status":"closed","template":"","meta":{"nf_dc_page":"","om_disable_all_campaigns":false,"pagelayer_contact_templates":[],"_pagelayer_content":""},"product_brand":[],"product_cat":[85],"product_tag":[111],"class_list":{"0":"post-6817","1":"product","2":"type-product","3":"status-publish","4":"has-post-thumbnail","6":"product_cat-animal-feed-supplements","7":"product_tag-animal-feed-supplements","9":"first","10":"instock","11":"shipping-taxable","12":"purchasable","13":"product-type-simple"},"jetpack_sharing_enabled":true,"_links":{"self":[{"href":"https:\/\/staging.gajolivestock.com\/fr\/wp-json\/wp\/v2\/product\/6817","targetHints":{"allow":["GET"]}}],"collection":[{"href":"https:\/\/staging.gajolivestock.com\/fr\/wp-json\/wp\/v2\/product"}],"about":[{"href":"https:\/\/staging.gajolivestock.com\/fr\/wp-json\/wp\/v2\/types\/product"}],"replies":[{"embeddable":true,"href":"https:\/\/staging.gajolivestock.com\/fr\/wp-json\/wp\/v2\/comments?post=6817"}],"wp:featuredmedia":[{"embeddable":true,"href":"https:\/\/staging.gajolivestock.com\/fr\/wp-json\/wp\/v2\/media\/6805"}],"wp:attachment":[{"href":"https:\/\/staging.gajolivestock.com\/fr\/wp-json\/wp\/v2\/media?parent=6817"}],"wp:term":[{"taxonomy":"product_brand","embeddable":true,"href":"https:\/\/staging.gajolivestock.com\/fr\/wp-json\/wp\/v2\/product_brand?post=6817"},{"taxonomy":"product_cat","embeddable":true,"href":"https:\/\/staging.gajolivestock.com\/fr\/wp-json\/wp\/v2\/product_cat?post=6817"},{"taxonomy":"product_tag","embeddable":true,"href":"https:\/\/staging.gajolivestock.com\/fr\/wp-json\/wp\/v2\/product_tag?post=6817"}],"curies":[{"name":"wp","href":"https:\/\/api.w.org\/{rel}","templated":true}]}}