{"id":6820,"date":"2025-01-25T08:13:16","date_gmt":"2025-01-25T08:13:16","guid":{"rendered":"https:\/\/staging.gajolivestock.com\/?post_type=product&#038;p=6820"},"modified":"2025-02-07T16:15:03","modified_gmt":"2025-02-07T16:15:03","slug":"croquette-cat","status":"publish","type":"product","link":"https:\/\/staging.gajolivestock.com\/fr\/produit\/croquette-cat\/","title":{"rendered":"CHAT CROQUETTE"},"content":{"rendered":"<p style=\"text-align: left\">Les aliments pour chats sont con\u00e7us pour offrir une alimentation compl\u00e8te et \u00e9quilibr\u00e9e, adapt\u00e9e aux besoins des chats, notamment pour entretenir leur sant\u00e9 digestive, leur peau, leur pelage et leur syst\u00e8me immunitaire.<\/p>\n<p style=\"text-align: center\">","protected":false},"excerpt":{"rendered":"<p style=\"text-align: left\">Gr\u00e2ce aux antioxydants naturels et aux vitamines ajout\u00e9es (vitamine E, vitamine C), ces croquettes soutiennent le syst\u00e8me immunitaire du chat.<\/p>","protected":false},"featured_media":6787,"comment_status":"open","ping_status":"closed","template":"","meta":{"om_disable_all_campaigns":false,"pagelayer_contact_templates":[],"_pagelayer_content":""},"product_brand":[],"product_cat":[85],"product_tag":[111],"class_list":{"0":"post-6820","1":"product","2":"type-product","3":"status-publish","4":"has-post-thumbnail","6":"product_cat-animal-feed-supplements","7":"product_tag-animal-feed-supplements","9":"first","10":"instock","11":"shipping-taxable","12":"purchasable","13":"product-type-simple"},"jetpack_sharing_enabled":true,"_links":{"self":[{"href":"https:\/\/staging.gajolivestock.com\/fr\/wp-json\/wp\/v2\/product\/6820","targetHints":{"allow":["GET"]}}],"collection":[{"href":"https:\/\/staging.gajolivestock.com\/fr\/wp-json\/wp\/v2\/product"}],"about":[{"href":"https:\/\/staging.gajolivestock.com\/fr\/wp-json\/wp\/v2\/types\/product"}],"replies":[{"embeddable":true,"href":"https:\/\/staging.gajolivestock.com\/fr\/wp-json\/wp\/v2\/comments?post=6820"}],"wp:featuredmedia":[{"embeddable":true,"href":"https:\/\/staging.gajolivestock.com\/fr\/wp-json\/wp\/v2\/media\/6787"}],"wp:attachment":[{"href":"https:\/\/staging.gajolivestock.com\/fr\/wp-json\/wp\/v2\/media?parent=6820"}],"wp:term":[{"taxonomy":"product_brand","embeddable":true,"href":"https:\/\/staging.gajolivestock.com\/fr\/wp-json\/wp\/v2\/product_brand?post=6820"},{"taxonomy":"product_cat","embeddable":true,"href":"https:\/\/staging.gajolivestock.com\/fr\/wp-json\/wp\/v2\/product_cat?post=6820"},{"taxonomy":"product_tag","embeddable":true,"href":"https:\/\/staging.gajolivestock.com\/fr\/wp-json\/wp\/v2\/product_tag?post=6820"}],"curies":[{"name":"wp","href":"https:\/\/api.w.org\/{rel}","templated":true}]}}