{"id":6867,"date":"2025-01-25T17:00:35","date_gmt":"2025-01-25T17:00:35","guid":{"rendered":"https:\/\/staging.gajolivestock.com\/?post_type=product&#038;p=6867"},"modified":"2025-02-01T11:11:24","modified_gmt":"2025-02-01T11:11:24","slug":"cornish-cross","status":"publish","type":"product","link":"https:\/\/staging.gajolivestock.com\/fr\/produit\/cornish-cross\/","title":{"rendered":"Cornish Cross"},"content":{"rendered":"<p>Le Cornish Cross est une excellente source de prot\u00e9ines maigres avec une faible teneur en mati\u00e8res grasses, ce qui en fait un choix sain pour une alimentation \u00e9quilibr\u00e9e. Sa viande est riche en vitamines B (notamment B3 et B6), en phosphore et en s\u00e9l\u00e9nium, favorisant la sant\u00e9 des os et le m\u00e9tabolisme. Il est faible en cholest\u00e9rol et sans glucides, id\u00e9al pour les r\u00e9gimes hypocaloriques ou faibles en glucides.<\/p>\n<p>&nbsp;<\/p>","protected":false},"excerpt":{"rendered":"<p>Le Cornish Cross est une race de poulet \u00e0 croissance rapide, id\u00e9ale pour la production de viande en raison de son rendement \u00e9lev\u00e9 et de sa viande tendre.<\/p>","protected":false},"featured_media":6874,"comment_status":"open","ping_status":"closed","template":"","meta":{"nf_dc_page":"","om_disable_all_campaigns":false,"pagelayer_contact_templates":[],"_pagelayer_content":""},"product_brand":[],"product_cat":[83],"product_tag":[110],"class_list":{"0":"post-6867","1":"product","2":"type-product","3":"status-publish","4":"has-post-thumbnail","6":"product_cat-chicken","7":"product_tag-chicken","9":"first","10":"instock","11":"shipping-taxable","12":"purchasable","13":"product-type-simple"},"jetpack_sharing_enabled":true,"_links":{"self":[{"href":"https:\/\/staging.gajolivestock.com\/fr\/wp-json\/wp\/v2\/product\/6867","targetHints":{"allow":["GET"]}}],"collection":[{"href":"https:\/\/staging.gajolivestock.com\/fr\/wp-json\/wp\/v2\/product"}],"about":[{"href":"https:\/\/staging.gajolivestock.com\/fr\/wp-json\/wp\/v2\/types\/product"}],"replies":[{"embeddable":true,"href":"https:\/\/staging.gajolivestock.com\/fr\/wp-json\/wp\/v2\/comments?post=6867"}],"wp:featuredmedia":[{"embeddable":true,"href":"https:\/\/staging.gajolivestock.com\/fr\/wp-json\/wp\/v2\/media\/6874"}],"wp:attachment":[{"href":"https:\/\/staging.gajolivestock.com\/fr\/wp-json\/wp\/v2\/media?parent=6867"}],"wp:term":[{"taxonomy":"product_brand","embeddable":true,"href":"https:\/\/staging.gajolivestock.com\/fr\/wp-json\/wp\/v2\/product_brand?post=6867"},{"taxonomy":"product_cat","embeddable":true,"href":"https:\/\/staging.gajolivestock.com\/fr\/wp-json\/wp\/v2\/product_cat?post=6867"},{"taxonomy":"product_tag","embeddable":true,"href":"https:\/\/staging.gajolivestock.com\/fr\/wp-json\/wp\/v2\/product_tag?post=6867"}],"curies":[{"name":"wp","href":"https:\/\/api.w.org\/{rel}","templated":true}]}}