{"id":6876,"date":"2025-01-25T17:53:35","date_gmt":"2025-01-25T17:53:35","guid":{"rendered":"https:\/\/staging.gajolivestock.com\/?post_type=product&#038;p=6876"},"modified":"2025-02-01T11:10:49","modified_gmt":"2025-02-01T11:10:49","slug":"ross-308","status":"publish","type":"product","link":"https:\/\/staging.gajolivestock.com\/fr\/produit\/ross-308\/","title":{"rendered":"Ross 308"},"content":{"rendered":"<p>Le Ross 308 fournit une viande maigre, riche en prot\u00e9ines, avec une faible teneur en mati\u00e8res grasses. C'est \u00e9galement une excellente source de vitamines B (notamment B3 et B6) et de min\u00e9raux essentiels comme le phosphore et le s\u00e9l\u00e9nium, qui soutiennent le m\u00e9tabolisme et la sant\u00e9 des os. Sa viande ne contient pas de glucides, ce qui la rend id\u00e9ale pour les r\u00e9gimes hypocaloriques.<\/p>\n<p>&nbsp;<\/p>","protected":false},"excerpt":{"rendered":"<p>Le Ross 308 est une race de poulet de chair connue pour sa croissance rapide, sa robustesse et son rendement \u00e9lev\u00e9 en viande de premi\u00e8re qualit\u00e9.<\/p>\n<p>&nbsp;<\/p>","protected":false},"featured_media":6877,"comment_status":"open","ping_status":"closed","template":"","meta":{"nf_dc_page":"","om_disable_all_campaigns":false,"pagelayer_contact_templates":[],"_pagelayer_content":""},"product_brand":[],"product_cat":[83],"product_tag":[110],"class_list":{"0":"post-6876","1":"product","2":"type-product","3":"status-publish","4":"has-post-thumbnail","6":"product_cat-chicken","7":"product_tag-chicken","9":"first","10":"instock","11":"shipping-taxable","12":"purchasable","13":"product-type-simple"},"jetpack_sharing_enabled":true,"_links":{"self":[{"href":"https:\/\/staging.gajolivestock.com\/fr\/wp-json\/wp\/v2\/product\/6876","targetHints":{"allow":["GET"]}}],"collection":[{"href":"https:\/\/staging.gajolivestock.com\/fr\/wp-json\/wp\/v2\/product"}],"about":[{"href":"https:\/\/staging.gajolivestock.com\/fr\/wp-json\/wp\/v2\/types\/product"}],"replies":[{"embeddable":true,"href":"https:\/\/staging.gajolivestock.com\/fr\/wp-json\/wp\/v2\/comments?post=6876"}],"wp:featuredmedia":[{"embeddable":true,"href":"https:\/\/staging.gajolivestock.com\/fr\/wp-json\/wp\/v2\/media\/6877"}],"wp:attachment":[{"href":"https:\/\/staging.gajolivestock.com\/fr\/wp-json\/wp\/v2\/media?parent=6876"}],"wp:term":[{"taxonomy":"product_brand","embeddable":true,"href":"https:\/\/staging.gajolivestock.com\/fr\/wp-json\/wp\/v2\/product_brand?post=6876"},{"taxonomy":"product_cat","embeddable":true,"href":"https:\/\/staging.gajolivestock.com\/fr\/wp-json\/wp\/v2\/product_cat?post=6876"},{"taxonomy":"product_tag","embeddable":true,"href":"https:\/\/staging.gajolivestock.com\/fr\/wp-json\/wp\/v2\/product_tag?post=6876"}],"curies":[{"name":"wp","href":"https:\/\/api.w.org\/{rel}","templated":true}]}}