{"id":6879,"date":"2025-01-25T18:21:05","date_gmt":"2025-01-25T18:21:05","guid":{"rendered":"https:\/\/staging.gajolivestock.com\/?post_type=product&#038;p=6879"},"modified":"2025-02-01T11:10:20","modified_gmt":"2025-02-01T11:10:20","slug":"hubbard-chicken","status":"publish","type":"product","link":"https:\/\/staging.gajolivestock.com\/fr\/produit\/hubbard-chicken\/","title":{"rendered":"Hubbard chicken"},"content":{"rendered":"<p>Le poulet Hubbard fournit une viande maigre et savoureuse, id\u00e9ale pour une alimentation saine. Il est riche en prot\u00e9ines essentielles \u00e0 la croissance musculaire et en vitamines B (B3, B6) qui soutiennent le m\u00e9tabolisme \u00e9nerg\u00e9tique. Sa viande contient \u00e9galement du phosphore et du s\u00e9l\u00e9nium pour des os plus solides et un syst\u00e8me immunitaire robuste. Faible en gras et sans glucides, il est parfait pour une alimentation \u00e9quilibr\u00e9e.<\/p>\n<p>&nbsp;<\/p>","protected":false},"excerpt":{"rendered":"<p>Le Hubbard est une race de poulet de chair bien connue pour sa croissance \u00e9quilibr\u00e9e, sa robustesse et sa viande de haute qualit\u00e9.<\/p>","protected":false},"featured_media":6881,"comment_status":"open","ping_status":"closed","template":"","meta":{"nf_dc_page":"","om_disable_all_campaigns":false,"pagelayer_contact_templates":[],"_pagelayer_content":""},"product_brand":[],"product_cat":[83],"product_tag":[110],"class_list":{"0":"post-6879","1":"product","2":"type-product","3":"status-publish","4":"has-post-thumbnail","6":"product_cat-chicken","7":"product_tag-chicken","9":"first","10":"instock","11":"shipping-taxable","12":"purchasable","13":"product-type-simple"},"jetpack_sharing_enabled":true,"_links":{"self":[{"href":"https:\/\/staging.gajolivestock.com\/fr\/wp-json\/wp\/v2\/product\/6879","targetHints":{"allow":["GET"]}}],"collection":[{"href":"https:\/\/staging.gajolivestock.com\/fr\/wp-json\/wp\/v2\/product"}],"about":[{"href":"https:\/\/staging.gajolivestock.com\/fr\/wp-json\/wp\/v2\/types\/product"}],"replies":[{"embeddable":true,"href":"https:\/\/staging.gajolivestock.com\/fr\/wp-json\/wp\/v2\/comments?post=6879"}],"wp:featuredmedia":[{"embeddable":true,"href":"https:\/\/staging.gajolivestock.com\/fr\/wp-json\/wp\/v2\/media\/6881"}],"wp:attachment":[{"href":"https:\/\/staging.gajolivestock.com\/fr\/wp-json\/wp\/v2\/media?parent=6879"}],"wp:term":[{"taxonomy":"product_brand","embeddable":true,"href":"https:\/\/staging.gajolivestock.com\/fr\/wp-json\/wp\/v2\/product_brand?post=6879"},{"taxonomy":"product_cat","embeddable":true,"href":"https:\/\/staging.gajolivestock.com\/fr\/wp-json\/wp\/v2\/product_cat?post=6879"},{"taxonomy":"product_tag","embeddable":true,"href":"https:\/\/staging.gajolivestock.com\/fr\/wp-json\/wp\/v2\/product_tag?post=6879"}],"curies":[{"name":"wp","href":"https:\/\/api.w.org\/{rel}","templated":true}]}}