{"id":6895,"date":"2025-01-25T19:33:49","date_gmt":"2025-01-25T19:33:49","guid":{"rendered":"https:\/\/staging.gajolivestock.com\/?post_type=product&#038;p=6895"},"modified":"2025-02-01T11:09:07","modified_gmt":"2025-02-01T11:09:07","slug":"6895","status":"publish","type":"product","link":"https:\/\/staging.gajolivestock.com\/fr\/produit\/6895\/","title":{"rendered":"poule Lohmann"},"content":{"rendered":"<p>La poule Lohmann est principalement \u00e9lev\u00e9e pour la production d\u2019\u0153ufs, riches en nutriments essentiels. Les \u0153ufs contiennent des prot\u00e9ines compl\u00e8tes, des vitamines (A, D, E, B12) et des min\u00e9raux comme le fer, le zinc et le s\u00e9l\u00e9nium. La viande de la poule Lohmann, bien que secondaire, est maigre et riche en prot\u00e9ines, id\u00e9ale pour une alimentation \u00e9quilibr\u00e9e.<\/p>\n<p>&nbsp;<\/p>","protected":false},"excerpt":{"rendered":"<p>La poule pondeuse Lohmann est une race r\u00e9put\u00e9e pour sa capacit\u00e9 exceptionnelle \u00e0 produire des \u0153ufs de grande qualit\u00e9, avec un rendement \u00e9lev\u00e9 et une excellente rusticit\u00e9.<\/p>","protected":false},"featured_media":6896,"comment_status":"open","ping_status":"closed","template":"","meta":{"nf_dc_page":"","om_disable_all_campaigns":false,"pagelayer_contact_templates":[],"_pagelayer_content":""},"product_brand":[],"product_cat":[84,83],"product_tag":[115,110],"class_list":{"0":"post-6895","1":"product","2":"type-product","3":"status-publish","4":"has-post-thumbnail","6":"product_cat-cattle","7":"product_cat-chicken","8":"product_tag-cattle","9":"product_tag-chicken","11":"first","12":"instock","13":"shipping-taxable","14":"purchasable","15":"product-type-simple"},"jetpack_sharing_enabled":true,"_links":{"self":[{"href":"https:\/\/staging.gajolivestock.com\/fr\/wp-json\/wp\/v2\/product\/6895","targetHints":{"allow":["GET"]}}],"collection":[{"href":"https:\/\/staging.gajolivestock.com\/fr\/wp-json\/wp\/v2\/product"}],"about":[{"href":"https:\/\/staging.gajolivestock.com\/fr\/wp-json\/wp\/v2\/types\/product"}],"replies":[{"embeddable":true,"href":"https:\/\/staging.gajolivestock.com\/fr\/wp-json\/wp\/v2\/comments?post=6895"}],"wp:featuredmedia":[{"embeddable":true,"href":"https:\/\/staging.gajolivestock.com\/fr\/wp-json\/wp\/v2\/media\/6896"}],"wp:attachment":[{"href":"https:\/\/staging.gajolivestock.com\/fr\/wp-json\/wp\/v2\/media?parent=6895"}],"wp:term":[{"taxonomy":"product_brand","embeddable":true,"href":"https:\/\/staging.gajolivestock.com\/fr\/wp-json\/wp\/v2\/product_brand?post=6895"},{"taxonomy":"product_cat","embeddable":true,"href":"https:\/\/staging.gajolivestock.com\/fr\/wp-json\/wp\/v2\/product_cat?post=6895"},{"taxonomy":"product_tag","embeddable":true,"href":"https:\/\/staging.gajolivestock.com\/fr\/wp-json\/wp\/v2\/product_tag?post=6895"}],"curies":[{"name":"wp","href":"https:\/\/api.w.org\/{rel}","templated":true}]}}