{"id":6898,"date":"2025-01-25T20:01:34","date_gmt":"2025-01-25T20:01:34","guid":{"rendered":"https:\/\/staging.gajolivestock.com\/?post_type=product&#038;p=6898"},"modified":"2025-02-01T11:08:49","modified_gmt":"2025-02-01T11:08:49","slug":"village-rooster","status":"publish","type":"product","link":"https:\/\/staging.gajolivestock.com\/fr\/produit\/village-rooster\/","title":{"rendered":"Coq du village"},"content":{"rendered":"<p>La viande de coq de village est riche en prot\u00e9ines et faible en gras, ce qui en fait un excellent choix pour une alimentation saine. Il contient \u00e9galement des vitamines B (notamment B3 et B6) et des min\u00e9raux essentiels comme le fer, le zinc et le phosphore, qui soutiennent la sant\u00e9 musculaire et osseuse. Sa viande ferme et savoureuse est particuli\u00e8rement appr\u00e9ci\u00e9e dans les plats traditionnels.<\/p>\n<p>&nbsp;<\/p>","protected":false},"excerpt":{"rendered":"<p>Le coq du village, \u00e9lev\u00e9 en pleine nature dans des conditions naturelles, est connu pour sa viande ferme et savoureuse, appr\u00e9ci\u00e9e pour sa qualit\u00e9 et son authenticit\u00e9.<\/p>","protected":false},"featured_media":6900,"comment_status":"open","ping_status":"closed","template":"","meta":{"nf_dc_page":"","om_disable_all_campaigns":false,"pagelayer_contact_templates":[],"_pagelayer_content":""},"product_brand":[],"product_cat":[84,83],"product_tag":[115,110],"class_list":{"0":"post-6898","1":"product","2":"type-product","3":"status-publish","4":"has-post-thumbnail","6":"product_cat-cattle","7":"product_cat-chicken","8":"product_tag-cattle","9":"product_tag-chicken","11":"first","12":"instock","13":"shipping-taxable","14":"purchasable","15":"product-type-simple"},"jetpack_sharing_enabled":true,"_links":{"self":[{"href":"https:\/\/staging.gajolivestock.com\/fr\/wp-json\/wp\/v2\/product\/6898","targetHints":{"allow":["GET"]}}],"collection":[{"href":"https:\/\/staging.gajolivestock.com\/fr\/wp-json\/wp\/v2\/product"}],"about":[{"href":"https:\/\/staging.gajolivestock.com\/fr\/wp-json\/wp\/v2\/types\/product"}],"replies":[{"embeddable":true,"href":"https:\/\/staging.gajolivestock.com\/fr\/wp-json\/wp\/v2\/comments?post=6898"}],"wp:featuredmedia":[{"embeddable":true,"href":"https:\/\/staging.gajolivestock.com\/fr\/wp-json\/wp\/v2\/media\/6900"}],"wp:attachment":[{"href":"https:\/\/staging.gajolivestock.com\/fr\/wp-json\/wp\/v2\/media?parent=6898"}],"wp:term":[{"taxonomy":"product_brand","embeddable":true,"href":"https:\/\/staging.gajolivestock.com\/fr\/wp-json\/wp\/v2\/product_brand?post=6898"},{"taxonomy":"product_cat","embeddable":true,"href":"https:\/\/staging.gajolivestock.com\/fr\/wp-json\/wp\/v2\/product_cat?post=6898"},{"taxonomy":"product_tag","embeddable":true,"href":"https:\/\/staging.gajolivestock.com\/fr\/wp-json\/wp\/v2\/product_tag?post=6898"}],"curies":[{"name":"wp","href":"https:\/\/api.w.org\/{rel}","templated":true}]}}