{"id":6935,"date":"2025-01-26T11:10:28","date_gmt":"2025-01-26T11:10:28","guid":{"rendered":"https:\/\/staging.gajolivestock.com\/?post_type=product&#038;p=6935"},"modified":"2025-02-03T09:34:45","modified_gmt":"2025-02-03T09:34:45","slug":"local-ladoum","status":"publish","type":"product","link":"https:\/\/staging.gajolivestock.com\/fr\/produit\/local-ladoum\/","title":{"rendered":"Ladoum local"},"content":{"rendered":"<p>La viande de Ladoum est riche en prot\u00e9ines de haute qualit\u00e9 et contient des min\u00e9raux essentiels tels que le fer, le zinc et le phosphore. C'est \u00e9galement une source d'acides gras insatur\u00e9s, b\u00e9n\u00e9fiques pour la sant\u00e9 cardiaque. Cette viande est appr\u00e9ci\u00e9e pour sa saveur audacieuse et sa texture tendre, souvent utilis\u00e9e dans les rago\u00fbts ou les plats grill\u00e9s.<\/p>\n<p>&nbsp;<\/p>","protected":false},"excerpt":{"rendered":"<p>Le mouton local Ladoum, originaire d'Afrique de l'Ouest, est admir\u00e9 pour sa grande taille, son \u00e9l\u00e9gance et sa viande tendre et savoureuse, id\u00e9ale pour les plats festifs et traditionnels.<\/p>","protected":false},"featured_media":6937,"comment_status":"open","ping_status":"closed","template":"","meta":{"nf_dc_page":"","om_disable_all_campaigns":false,"pagelayer_contact_templates":[],"_pagelayer_content":""},"product_brand":[],"product_cat":[86],"product_tag":[114],"class_list":{"0":"post-6935","1":"product","2":"type-product","3":"status-publish","4":"has-post-thumbnail","6":"product_cat-sheep","7":"product_tag-sheep","9":"first","10":"instock","11":"shipping-taxable","12":"purchasable","13":"product-type-simple"},"jetpack_sharing_enabled":true,"_links":{"self":[{"href":"https:\/\/staging.gajolivestock.com\/fr\/wp-json\/wp\/v2\/product\/6935","targetHints":{"allow":["GET"]}}],"collection":[{"href":"https:\/\/staging.gajolivestock.com\/fr\/wp-json\/wp\/v2\/product"}],"about":[{"href":"https:\/\/staging.gajolivestock.com\/fr\/wp-json\/wp\/v2\/types\/product"}],"replies":[{"embeddable":true,"href":"https:\/\/staging.gajolivestock.com\/fr\/wp-json\/wp\/v2\/comments?post=6935"}],"wp:featuredmedia":[{"embeddable":true,"href":"https:\/\/staging.gajolivestock.com\/fr\/wp-json\/wp\/v2\/media\/6937"}],"wp:attachment":[{"href":"https:\/\/staging.gajolivestock.com\/fr\/wp-json\/wp\/v2\/media?parent=6935"}],"wp:term":[{"taxonomy":"product_brand","embeddable":true,"href":"https:\/\/staging.gajolivestock.com\/fr\/wp-json\/wp\/v2\/product_brand?post=6935"},{"taxonomy":"product_cat","embeddable":true,"href":"https:\/\/staging.gajolivestock.com\/fr\/wp-json\/wp\/v2\/product_cat?post=6935"},{"taxonomy":"product_tag","embeddable":true,"href":"https:\/\/staging.gajolivestock.com\/fr\/wp-json\/wp\/v2\/product_tag?post=6935"}],"curies":[{"name":"wp","href":"https:\/\/api.w.org\/{rel}","templated":true}]}}