{"id":6942,"date":"2025-01-26T11:24:30","date_gmt":"2025-01-26T11:24:30","guid":{"rendered":"https:\/\/staging.gajolivestock.com\/?post_type=product&#038;p=6942"},"modified":"2025-02-07T13:19:40","modified_gmt":"2025-02-07T13:19:40","slug":"local-sheep","status":"publish","type":"product","link":"https:\/\/staging.gajolivestock.com\/fr\/produit\/local-sheep\/","title":{"rendered":"mouton local"},"content":{"rendered":"<p>La viande de mouton local est riche en prot\u00e9ines, en vitamines B (notamment B12) et en min\u00e9raux essentiels comme le fer et le zinc. Il contient des acides gras insatur\u00e9s qui soutiennent une alimentation \u00e9quilibr\u00e9e. Il est souvent utilis\u00e9 dans les plats locaux, qu'il soit grill\u00e9, mijot\u00e9 ou servi en brochettes.<\/p>\n<p>&nbsp;<\/p>","protected":false},"excerpt":{"rendered":"<p>Le mouton local, \u00e9lev\u00e9 de mani\u00e8re traditionnelle, est appr\u00e9ci\u00e9 pour sa r\u00e9silience, sa viande savoureuse et son adaptabilit\u00e9 \u00e0 divers climats.<\/p>","protected":false},"featured_media":6943,"comment_status":"open","ping_status":"closed","template":"","meta":{"nf_dc_page":"","om_disable_all_campaigns":false,"pagelayer_contact_templates":[],"_pagelayer_content":""},"product_brand":[],"product_cat":[86],"product_tag":[114],"class_list":{"0":"post-6942","1":"product","2":"type-product","3":"status-publish","4":"has-post-thumbnail","6":"product_cat-sheep","7":"product_tag-sheep","9":"first","10":"instock","11":"shipping-taxable","12":"purchasable","13":"product-type-simple"},"jetpack_sharing_enabled":true,"_links":{"self":[{"href":"https:\/\/staging.gajolivestock.com\/fr\/wp-json\/wp\/v2\/product\/6942","targetHints":{"allow":["GET"]}}],"collection":[{"href":"https:\/\/staging.gajolivestock.com\/fr\/wp-json\/wp\/v2\/product"}],"about":[{"href":"https:\/\/staging.gajolivestock.com\/fr\/wp-json\/wp\/v2\/types\/product"}],"replies":[{"embeddable":true,"href":"https:\/\/staging.gajolivestock.com\/fr\/wp-json\/wp\/v2\/comments?post=6942"}],"wp:featuredmedia":[{"embeddable":true,"href":"https:\/\/staging.gajolivestock.com\/fr\/wp-json\/wp\/v2\/media\/6943"}],"wp:attachment":[{"href":"https:\/\/staging.gajolivestock.com\/fr\/wp-json\/wp\/v2\/media?parent=6942"}],"wp:term":[{"taxonomy":"product_brand","embeddable":true,"href":"https:\/\/staging.gajolivestock.com\/fr\/wp-json\/wp\/v2\/product_brand?post=6942"},{"taxonomy":"product_cat","embeddable":true,"href":"https:\/\/staging.gajolivestock.com\/fr\/wp-json\/wp\/v2\/product_cat?post=6942"},{"taxonomy":"product_tag","embeddable":true,"href":"https:\/\/staging.gajolivestock.com\/fr\/wp-json\/wp\/v2\/product_tag?post=6942"}],"curies":[{"name":"wp","href":"https:\/\/api.w.org\/{rel}","templated":true}]}}