{"id":6970,"date":"2025-01-26T11:50:48","date_gmt":"2025-01-26T11:50:48","guid":{"rendered":"https:\/\/staging.gajolivestock.com\/?post_type=product&#038;p=6970"},"modified":"2025-02-07T13:42:20","modified_gmt":"2025-02-07T13:42:20","slug":"ladoum-2","status":"publish","type":"product","link":"https:\/\/staging.gajolivestock.com\/fr\/produit\/ladoum-2\/","title":{"rendered":"Ladoum traditionnel"},"content":{"rendered":"<p>La viande du Ladoum traditionnel est riche en prot\u00e9ines, en fer et en zinc, contribuant \u00e0 une alimentation \u00e9quilibr\u00e9e. \u00c9lev\u00e9 dans des conditions naturelles, il donne une viande plus maigre et plus savoureuse, id\u00e9ale pour les rago\u00fbts ou les grillades.<\/p>\n<p>&nbsp;<\/p>","protected":false},"excerpt":{"rendered":"<p>Le Ladoum Traditionnel est un mouton \u00e9lev\u00e9 selon des m\u00e9thodes artisanales, dans le respect des traditions locales pour garantir une qualit\u00e9 de viande exceptionnelle et une saveur authentique.<\/p>","protected":false},"featured_media":6938,"comment_status":"open","ping_status":"closed","template":"","meta":{"om_disable_all_campaigns":false,"pagelayer_contact_templates":[],"_pagelayer_content":""},"product_brand":[],"product_cat":[86],"product_tag":[114],"class_list":{"0":"post-6970","1":"product","2":"type-product","3":"status-publish","4":"has-post-thumbnail","6":"product_cat-sheep","7":"product_tag-sheep","9":"first","10":"instock","11":"shipping-taxable","12":"purchasable","13":"product-type-simple"},"jetpack_sharing_enabled":true,"_links":{"self":[{"href":"https:\/\/staging.gajolivestock.com\/fr\/wp-json\/wp\/v2\/product\/6970","targetHints":{"allow":["GET"]}}],"collection":[{"href":"https:\/\/staging.gajolivestock.com\/fr\/wp-json\/wp\/v2\/product"}],"about":[{"href":"https:\/\/staging.gajolivestock.com\/fr\/wp-json\/wp\/v2\/types\/product"}],"replies":[{"embeddable":true,"href":"https:\/\/staging.gajolivestock.com\/fr\/wp-json\/wp\/v2\/comments?post=6970"}],"wp:featuredmedia":[{"embeddable":true,"href":"https:\/\/staging.gajolivestock.com\/fr\/wp-json\/wp\/v2\/media\/6938"}],"wp:attachment":[{"href":"https:\/\/staging.gajolivestock.com\/fr\/wp-json\/wp\/v2\/media?parent=6970"}],"wp:term":[{"taxonomy":"product_brand","embeddable":true,"href":"https:\/\/staging.gajolivestock.com\/fr\/wp-json\/wp\/v2\/product_brand?post=6970"},{"taxonomy":"product_cat","embeddable":true,"href":"https:\/\/staging.gajolivestock.com\/fr\/wp-json\/wp\/v2\/product_cat?post=6970"},{"taxonomy":"product_tag","embeddable":true,"href":"https:\/\/staging.gajolivestock.com\/fr\/wp-json\/wp\/v2\/product_tag?post=6970"}],"curies":[{"name":"wp","href":"https:\/\/api.w.org\/{rel}","templated":true}]}}