{"id":6973,"date":"2025-01-26T11:59:48","date_gmt":"2025-01-26T11:59:48","guid":{"rendered":"https:\/\/staging.gajolivestock.com\/?post_type=product&#038;p=6973"},"modified":"2025-02-01T11:08:29","modified_gmt":"2025-02-01T11:08:29","slug":"farm-raised-chicken-copy","status":"publish","type":"product","link":"https:\/\/staging.gajolivestock.com\/fr\/produit\/farm-raised-chicken-copy\/","title":{"rendered":"Poulet fermier"},"content":{"rendered":"<p>Le poulet d\u2019\u00e9levage se distingue par sa viande plus ferme et plus savoureuse que celle des poulets industriels. Il est riche en prot\u00e9ines essentielles \u00e0 la construction musculaire et contient des vitamines B (notamment B3 et B6) qui soutiennent le m\u00e9tabolisme \u00e9nerg\u00e9tique. Ce type de poulet est \u00e9galement une bonne source de phosphore et de s\u00e9l\u00e9nium, renfor\u00e7ant les os et le syst\u00e8me immunitaire. Faible en mati\u00e8res grasses, il est id\u00e9al pour une alimentation \u00e9quilibr\u00e9e et naturelle.<\/p>\n<p>&nbsp;<\/p>","protected":false},"excerpt":{"rendered":"<p>Le poulet d'\u00e9levage est \u00e9lev\u00e9 en plein air dans des conditions naturelles, offrant une viande savoureuse et riche en nutriments tr\u00e8s appr\u00e9ci\u00e9e pour sa qualit\u00e9 exceptionnelle.<\/p>\n<p>&nbsp;<\/p>","protected":false},"featured_media":6886,"comment_status":"open","ping_status":"closed","template":"","meta":{"nf_dc_page":"","om_disable_all_campaigns":false,"pagelayer_contact_templates":[],"_pagelayer_content":""},"product_brand":[],"product_cat":[83],"product_tag":[110],"class_list":{"0":"post-6973","1":"product","2":"type-product","3":"status-publish","4":"has-post-thumbnail","6":"product_cat-chicken","7":"product_tag-chicken","9":"first","10":"instock","11":"shipping-taxable","12":"purchasable","13":"product-type-simple"},"jetpack_sharing_enabled":true,"_links":{"self":[{"href":"https:\/\/staging.gajolivestock.com\/fr\/wp-json\/wp\/v2\/product\/6973","targetHints":{"allow":["GET"]}}],"collection":[{"href":"https:\/\/staging.gajolivestock.com\/fr\/wp-json\/wp\/v2\/product"}],"about":[{"href":"https:\/\/staging.gajolivestock.com\/fr\/wp-json\/wp\/v2\/types\/product"}],"replies":[{"embeddable":true,"href":"https:\/\/staging.gajolivestock.com\/fr\/wp-json\/wp\/v2\/comments?post=6973"}],"wp:featuredmedia":[{"embeddable":true,"href":"https:\/\/staging.gajolivestock.com\/fr\/wp-json\/wp\/v2\/media\/6886"}],"wp:attachment":[{"href":"https:\/\/staging.gajolivestock.com\/fr\/wp-json\/wp\/v2\/media?parent=6973"}],"wp:term":[{"taxonomy":"product_brand","embeddable":true,"href":"https:\/\/staging.gajolivestock.com\/fr\/wp-json\/wp\/v2\/product_brand?post=6973"},{"taxonomy":"product_cat","embeddable":true,"href":"https:\/\/staging.gajolivestock.com\/fr\/wp-json\/wp\/v2\/product_cat?post=6973"},{"taxonomy":"product_tag","embeddable":true,"href":"https:\/\/staging.gajolivestock.com\/fr\/wp-json\/wp\/v2\/product_tag?post=6973"}],"curies":[{"name":"wp","href":"https:\/\/api.w.org\/{rel}","templated":true}]}}