{"id":6974,"date":"2025-01-26T13:06:02","date_gmt":"2025-01-26T13:06:02","guid":{"rendered":"https:\/\/staging.gajolivestock.com\/?post_type=product&#038;p=6974"},"modified":"2025-02-07T08:02:40","modified_gmt":"2025-02-07T08:02:40","slug":"goudali","status":"publish","type":"product","link":"https:\/\/staging.gajolivestock.com\/fr\/produit\/goudali\/","title":{"rendered":"Goudali"},"content":{"rendered":"<p>La viande de Goudali est une excellente source de prot\u00e9ines, de vitamine B12 et de min\u00e9raux essentiels comme le fer et le zinc. Il est pauvre en glucides et contient des acides gras insatur\u00e9s b\u00e9n\u00e9fiques pour la sant\u00e9. Sa riche saveur en fait un choix appr\u00e9ci\u00e9 pour les plats traditionnels et festifs.<\/p>\n<p>&nbsp;<\/p>","protected":false},"excerpt":{"rendered":"<p>Le Goudali est une race rustique et polyvalente originaire d'Afrique de l'Ouest. Connu pour sa viande tendre et savoureuse, il est \u00e9galement appr\u00e9ci\u00e9 pour son adaptabilit\u00e9 aux diverses conditions climatiques.<\/p>","protected":false},"featured_media":6975,"comment_status":"open","ping_status":"closed","template":"","meta":{"nf_dc_page":"","om_disable_all_campaigns":false,"pagelayer_contact_templates":[],"_pagelayer_content":""},"product_brand":[],"product_cat":[89,84],"product_tag":[127,115],"class_list":{"0":"post-6974","1":"product","2":"type-product","3":"status-publish","4":"has-post-thumbnail","6":"product_cat-beef","7":"product_cat-cattle","8":"product_tag-beef","9":"product_tag-cattle","11":"first","12":"instock","13":"shipping-taxable","14":"purchasable","15":"product-type-simple"},"jetpack_sharing_enabled":true,"_links":{"self":[{"href":"https:\/\/staging.gajolivestock.com\/fr\/wp-json\/wp\/v2\/product\/6974","targetHints":{"allow":["GET"]}}],"collection":[{"href":"https:\/\/staging.gajolivestock.com\/fr\/wp-json\/wp\/v2\/product"}],"about":[{"href":"https:\/\/staging.gajolivestock.com\/fr\/wp-json\/wp\/v2\/types\/product"}],"replies":[{"embeddable":true,"href":"https:\/\/staging.gajolivestock.com\/fr\/wp-json\/wp\/v2\/comments?post=6974"}],"wp:featuredmedia":[{"embeddable":true,"href":"https:\/\/staging.gajolivestock.com\/fr\/wp-json\/wp\/v2\/media\/6975"}],"wp:attachment":[{"href":"https:\/\/staging.gajolivestock.com\/fr\/wp-json\/wp\/v2\/media?parent=6974"}],"wp:term":[{"taxonomy":"product_brand","embeddable":true,"href":"https:\/\/staging.gajolivestock.com\/fr\/wp-json\/wp\/v2\/product_brand?post=6974"},{"taxonomy":"product_cat","embeddable":true,"href":"https:\/\/staging.gajolivestock.com\/fr\/wp-json\/wp\/v2\/product_cat?post=6974"},{"taxonomy":"product_tag","embeddable":true,"href":"https:\/\/staging.gajolivestock.com\/fr\/wp-json\/wp\/v2\/product_tag?post=6974"}],"curies":[{"name":"wp","href":"https:\/\/api.w.org\/{rel}","templated":true}]}}