{"id":6992,"date":"2025-01-26T15:52:25","date_gmt":"2025-01-26T15:52:25","guid":{"rendered":"https:\/\/staging.gajolivestock.com\/?post_type=product&#038;p=6992"},"modified":"2025-02-01T15:58:44","modified_gmt":"2025-02-01T15:58:44","slug":"laying-hen","status":"publish","type":"product","link":"https:\/\/staging.gajolivestock.com\/fr\/produit\/laying-hen\/","title":{"rendered":"poule pondeuse"},"content":{"rendered":"<p>Les \u0153ufs produits par les poules pondeuses sont une source exceptionnelle de prot\u00e9ines compl\u00e8tes, contenant les 9 acides amin\u00e9s essentiels. Ils sont riches en vitamines A, D, B12, ainsi qu'en min\u00e9raux comme le fer et le phosphore. Faibles en glucides, ils constituent un choix alimentaire sain et nutritif.<\/p>\n<p>&nbsp;<\/p>","protected":false},"excerpt":{"rendered":"<p>La poule pondeuse est une race de volaille \u00e9lev\u00e9e principalement pour sa production constante d\u2019\u0153ufs. Il est appr\u00e9ci\u00e9 pour sa productivit\u00e9 et la qualit\u00e9 nutritionnelle de ses \u0153ufs.<\/p>","protected":false},"featured_media":6997,"comment_status":"open","ping_status":"closed","template":"","meta":{"nf_dc_page":"","om_disable_all_campaigns":false,"pagelayer_contact_templates":[],"_pagelayer_content":""},"product_brand":[],"product_cat":[83],"product_tag":[110],"class_list":{"0":"post-6992","1":"product","2":"type-product","3":"status-publish","4":"has-post-thumbnail","6":"product_cat-chicken","7":"product_tag-chicken","9":"first","10":"instock","11":"shipping-taxable","12":"purchasable","13":"product-type-simple"},"jetpack_sharing_enabled":true,"_links":{"self":[{"href":"https:\/\/staging.gajolivestock.com\/fr\/wp-json\/wp\/v2\/product\/6992","targetHints":{"allow":["GET"]}}],"collection":[{"href":"https:\/\/staging.gajolivestock.com\/fr\/wp-json\/wp\/v2\/product"}],"about":[{"href":"https:\/\/staging.gajolivestock.com\/fr\/wp-json\/wp\/v2\/types\/product"}],"replies":[{"embeddable":true,"href":"https:\/\/staging.gajolivestock.com\/fr\/wp-json\/wp\/v2\/comments?post=6992"}],"wp:featuredmedia":[{"embeddable":true,"href":"https:\/\/staging.gajolivestock.com\/fr\/wp-json\/wp\/v2\/media\/6997"}],"wp:attachment":[{"href":"https:\/\/staging.gajolivestock.com\/fr\/wp-json\/wp\/v2\/media?parent=6992"}],"wp:term":[{"taxonomy":"product_brand","embeddable":true,"href":"https:\/\/staging.gajolivestock.com\/fr\/wp-json\/wp\/v2\/product_brand?post=6992"},{"taxonomy":"product_cat","embeddable":true,"href":"https:\/\/staging.gajolivestock.com\/fr\/wp-json\/wp\/v2\/product_cat?post=6992"},{"taxonomy":"product_tag","embeddable":true,"href":"https:\/\/staging.gajolivestock.com\/fr\/wp-json\/wp\/v2\/product_tag?post=6992"}],"curies":[{"name":"wp","href":"https:\/\/api.w.org\/{rel}","templated":true}]}}