{"id":6998,"date":"2025-01-26T15:58:09","date_gmt":"2025-01-26T15:58:09","guid":{"rendered":"https:\/\/staging.gajolivestock.com\/?post_type=product&#038;p=6998"},"modified":"2025-02-03T08:54:35","modified_gmt":"2025-02-03T08:54:35","slug":"local-pantalonne","status":"publish","type":"product","link":"https:\/\/staging.gajolivestock.com\/fr\/produit\/local-pantalonne\/","title":{"rendered":"pantalonne locale"},"content":{"rendered":"<p>La viande du pantalonn\u00e9 local est une excellente source de prot\u00e9ines, avec une teneur en mati\u00e8res grasses inf\u00e9rieure \u00e0 celle de la volaille industrielle. Il contient \u00e9galement des vitamines B et des min\u00e9raux essentiels comme le fer, le zinc et le phosphore, contribuant \u00e0 une alimentation \u00e9quilibr\u00e9e.<\/p>\n<p>&nbsp;<\/p>","protected":false},"excerpt":{"rendered":"<p>Le pantalonn\u00e9 local est une race de volaille traditionnelle \u00e9lev\u00e9e principalement en milieu rural. Connu pour sa rusticit\u00e9, il est appr\u00e9ci\u00e9 pour sa viande savoureuse et son adaptabilit\u00e9 \u00e0 divers environnements.<\/p>","protected":false},"featured_media":6995,"comment_status":"open","ping_status":"closed","template":"","meta":{"om_disable_all_campaigns":false,"pagelayer_contact_templates":[],"_pagelayer_content":""},"product_brand":[],"product_cat":[83],"product_tag":[110],"class_list":{"0":"post-6998","1":"product","2":"type-product","3":"status-publish","4":"has-post-thumbnail","6":"product_cat-chicken","7":"product_tag-chicken","9":"first","10":"instock","11":"shipping-taxable","12":"purchasable","13":"product-type-simple"},"jetpack_sharing_enabled":true,"_links":{"self":[{"href":"https:\/\/staging.gajolivestock.com\/fr\/wp-json\/wp\/v2\/product\/6998","targetHints":{"allow":["GET"]}}],"collection":[{"href":"https:\/\/staging.gajolivestock.com\/fr\/wp-json\/wp\/v2\/product"}],"about":[{"href":"https:\/\/staging.gajolivestock.com\/fr\/wp-json\/wp\/v2\/types\/product"}],"replies":[{"embeddable":true,"href":"https:\/\/staging.gajolivestock.com\/fr\/wp-json\/wp\/v2\/comments?post=6998"}],"wp:featuredmedia":[{"embeddable":true,"href":"https:\/\/staging.gajolivestock.com\/fr\/wp-json\/wp\/v2\/media\/6995"}],"wp:attachment":[{"href":"https:\/\/staging.gajolivestock.com\/fr\/wp-json\/wp\/v2\/media?parent=6998"}],"wp:term":[{"taxonomy":"product_brand","embeddable":true,"href":"https:\/\/staging.gajolivestock.com\/fr\/wp-json\/wp\/v2\/product_brand?post=6998"},{"taxonomy":"product_cat","embeddable":true,"href":"https:\/\/staging.gajolivestock.com\/fr\/wp-json\/wp\/v2\/product_cat?post=6998"},{"taxonomy":"product_tag","embeddable":true,"href":"https:\/\/staging.gajolivestock.com\/fr\/wp-json\/wp\/v2\/product_tag?post=6998"}],"curies":[{"name":"wp","href":"https:\/\/api.w.org\/{rel}","templated":true}]}}