{"id":6999,"date":"2025-01-26T16:01:33","date_gmt":"2025-01-26T16:01:33","guid":{"rendered":"https:\/\/staging.gajolivestock.com\/?post_type=product&#038;p=6999"},"modified":"2025-02-03T08:50:51","modified_gmt":"2025-02-03T08:50:51","slug":"traditional-pantalonne","status":"publish","type":"product","link":"https:\/\/staging.gajolivestock.com\/fr\/produit\/traditional-pantalonne\/","title":{"rendered":"pantalonn\u00e9 tradictionnel"},"content":{"rendered":"<p>La viande du pantalonn\u00e9 traditionnel est riche en prot\u00e9ines et faible en gras, ce qui en fait un choix sant\u00e9. C'est \u00e9galement une bonne source de vitamines B, de fer et de zinc, essentiels pour renforcer l'immunit\u00e9 et maintenir une bonne sant\u00e9.<\/p>\n<p>&nbsp;<\/p>","protected":false},"excerpt":{"rendered":"<p>Le pantalonn\u00e9 traditionnel est une race de volaille rustique \u00e9lev\u00e9e de mani\u00e8re artisanale, id\u00e9ale pour ceux qui recherchent une viande authentique et savoureuse. Sa rusticit\u00e9 et son mode de culture naturel lui assurent une qualit\u00e9 sup\u00e9rieure.<\/p>","protected":false},"featured_media":6993,"comment_status":"open","ping_status":"closed","template":"","meta":{"nf_dc_page":"","om_disable_all_campaigns":false,"pagelayer_contact_templates":[],"_pagelayer_content":""},"product_brand":[],"product_cat":[83],"product_tag":[110],"class_list":{"0":"post-6999","1":"product","2":"type-product","3":"status-publish","4":"has-post-thumbnail","6":"product_cat-chicken","7":"product_tag-chicken","9":"first","10":"instock","11":"shipping-taxable","12":"purchasable","13":"product-type-simple"},"jetpack_sharing_enabled":true,"_links":{"self":[{"href":"https:\/\/staging.gajolivestock.com\/fr\/wp-json\/wp\/v2\/product\/6999","targetHints":{"allow":["GET"]}}],"collection":[{"href":"https:\/\/staging.gajolivestock.com\/fr\/wp-json\/wp\/v2\/product"}],"about":[{"href":"https:\/\/staging.gajolivestock.com\/fr\/wp-json\/wp\/v2\/types\/product"}],"replies":[{"embeddable":true,"href":"https:\/\/staging.gajolivestock.com\/fr\/wp-json\/wp\/v2\/comments?post=6999"}],"wp:featuredmedia":[{"embeddable":true,"href":"https:\/\/staging.gajolivestock.com\/fr\/wp-json\/wp\/v2\/media\/6993"}],"wp:attachment":[{"href":"https:\/\/staging.gajolivestock.com\/fr\/wp-json\/wp\/v2\/media?parent=6999"}],"wp:term":[{"taxonomy":"product_brand","embeddable":true,"href":"https:\/\/staging.gajolivestock.com\/fr\/wp-json\/wp\/v2\/product_brand?post=6999"},{"taxonomy":"product_cat","embeddable":true,"href":"https:\/\/staging.gajolivestock.com\/fr\/wp-json\/wp\/v2\/product_cat?post=6999"},{"taxonomy":"product_tag","embeddable":true,"href":"https:\/\/staging.gajolivestock.com\/fr\/wp-json\/wp\/v2\/product_tag?post=6999"}],"curies":[{"name":"wp","href":"https:\/\/api.w.org\/{rel}","templated":true}]}}