{"id":7000,"date":"2025-01-26T16:05:02","date_gmt":"2025-01-26T16:05:02","guid":{"rendered":"https:\/\/staging.gajolivestock.com\/?post_type=product&#038;p=7000"},"modified":"2025-02-03T09:02:57","modified_gmt":"2025-02-03T09:02:57","slug":"pantalonne-chicken","status":"publish","type":"product","link":"https:\/\/staging.gajolivestock.com\/fr\/produit\/pantalonne-chicken\/","title":{"rendered":"Poulet pantalonn\u00e9"},"content":{"rendered":"<p>La viande du pantalonn\u00e9 est riche en prot\u00e9ines, avec une teneur mod\u00e9r\u00e9e en mati\u00e8res grasses. C'est une source de vitamines B, de fer et de zinc, contribuant \u00e0 une alimentation \u00e9quilibr\u00e9e et renfor\u00e7ant le syst\u00e8me immunitaire.<\/p>\n<p>&nbsp;<\/p>","protected":false},"excerpt":{"rendered":"<p>Le pantalonn\u00e9 est une race de volaille locale rustique, connue pour sa viande tendre et savoureuse. Il est souvent \u00e9lev\u00e9 de mani\u00e8re traditionnelle, garantissant une qualit\u00e9 naturelle et authentique.<\/p>","protected":false},"featured_media":6994,"comment_status":"open","ping_status":"closed","template":"","meta":{"nf_dc_page":"","om_disable_all_campaigns":false,"pagelayer_contact_templates":[],"_pagelayer_content":""},"product_brand":[],"product_cat":[83],"product_tag":[110],"class_list":{"0":"post-7000","1":"product","2":"type-product","3":"status-publish","4":"has-post-thumbnail","6":"product_cat-chicken","7":"product_tag-chicken","9":"first","10":"instock","11":"shipping-taxable","12":"purchasable","13":"product-type-simple"},"jetpack_sharing_enabled":true,"_links":{"self":[{"href":"https:\/\/staging.gajolivestock.com\/fr\/wp-json\/wp\/v2\/product\/7000","targetHints":{"allow":["GET"]}}],"collection":[{"href":"https:\/\/staging.gajolivestock.com\/fr\/wp-json\/wp\/v2\/product"}],"about":[{"href":"https:\/\/staging.gajolivestock.com\/fr\/wp-json\/wp\/v2\/types\/product"}],"replies":[{"embeddable":true,"href":"https:\/\/staging.gajolivestock.com\/fr\/wp-json\/wp\/v2\/comments?post=7000"}],"wp:featuredmedia":[{"embeddable":true,"href":"https:\/\/staging.gajolivestock.com\/fr\/wp-json\/wp\/v2\/media\/6994"}],"wp:attachment":[{"href":"https:\/\/staging.gajolivestock.com\/fr\/wp-json\/wp\/v2\/media?parent=7000"}],"wp:term":[{"taxonomy":"product_brand","embeddable":true,"href":"https:\/\/staging.gajolivestock.com\/fr\/wp-json\/wp\/v2\/product_brand?post=7000"},{"taxonomy":"product_cat","embeddable":true,"href":"https:\/\/staging.gajolivestock.com\/fr\/wp-json\/wp\/v2\/product_cat?post=7000"},{"taxonomy":"product_tag","embeddable":true,"href":"https:\/\/staging.gajolivestock.com\/fr\/wp-json\/wp\/v2\/product_tag?post=7000"}],"curies":[{"name":"wp","href":"https:\/\/api.w.org\/{rel}","templated":true}]}}