{"id":7017,"date":"2025-01-27T17:48:16","date_gmt":"2025-01-27T17:48:16","guid":{"rendered":"https:\/\/staging.gajolivestock.com\/?post_type=product&#038;p=7017"},"modified":"2025-02-07T12:38:51","modified_gmt":"2025-02-07T12:38:51","slug":"local-rabbit","status":"publish","type":"product","link":"https:\/\/staging.gajolivestock.com\/fr\/produit\/local-rabbit\/","title":{"rendered":"Lapin local"},"content":{"rendered":"<p>La viande de lapin locale est riche en prot\u00e9ines maigres et faible en gras. Il contient des vitamines B, du fer, du phosphore et du zinc, essentiels \u00e0 une alimentation \u00e9quilibr\u00e9e. \u00c9lev\u00e9 naturellement, il offre une viande de qualit\u00e9 sup\u00e9rieure.<\/p>","protected":false},"excerpt":{"rendered":"<p><span style=\"vertical-align: inherit;\"><span style=\"vertical-align: inherit;\">Le lapin local est une race rustique \u00e9lev\u00e9e de mani\u00e8re traditionnelle, connue pour sa viande tendre et savoureuse. Il est appr\u00e9ci\u00e9 pour son go\u00fbt authentique et ses bienfaits nutritionnels.<\/span><\/span><\/p>\n<p>&nbsp;<\/p>","protected":false},"featured_media":7014,"comment_status":"open","ping_status":"closed","template":"","meta":{"om_disable_all_campaigns":false,"pagelayer_contact_templates":[],"_pagelayer_content":""},"product_brand":[],"product_cat":[138],"product_tag":[140],"class_list":{"0":"post-7017","1":"product","2":"type-product","3":"status-publish","4":"has-post-thumbnail","6":"product_cat-rabbit","7":"product_tag-rabbit","9":"first","10":"instock","11":"shipping-taxable","12":"purchasable","13":"product-type-simple"},"jetpack_sharing_enabled":true,"_links":{"self":[{"href":"https:\/\/staging.gajolivestock.com\/fr\/wp-json\/wp\/v2\/product\/7017","targetHints":{"allow":["GET"]}}],"collection":[{"href":"https:\/\/staging.gajolivestock.com\/fr\/wp-json\/wp\/v2\/product"}],"about":[{"href":"https:\/\/staging.gajolivestock.com\/fr\/wp-json\/wp\/v2\/types\/product"}],"replies":[{"embeddable":true,"href":"https:\/\/staging.gajolivestock.com\/fr\/wp-json\/wp\/v2\/comments?post=7017"}],"wp:featuredmedia":[{"embeddable":true,"href":"https:\/\/staging.gajolivestock.com\/fr\/wp-json\/wp\/v2\/media\/7014"}],"wp:attachment":[{"href":"https:\/\/staging.gajolivestock.com\/fr\/wp-json\/wp\/v2\/media?parent=7017"}],"wp:term":[{"taxonomy":"product_brand","embeddable":true,"href":"https:\/\/staging.gajolivestock.com\/fr\/wp-json\/wp\/v2\/product_brand?post=7017"},{"taxonomy":"product_cat","embeddable":true,"href":"https:\/\/staging.gajolivestock.com\/fr\/wp-json\/wp\/v2\/product_cat?post=7017"},{"taxonomy":"product_tag","embeddable":true,"href":"https:\/\/staging.gajolivestock.com\/fr\/wp-json\/wp\/v2\/product_tag?post=7017"}],"curies":[{"name":"wp","href":"https:\/\/api.w.org\/{rel}","templated":true}]}}