{"id":7019,"date":"2025-01-27T18:17:03","date_gmt":"2025-01-27T18:17:03","guid":{"rendered":"https:\/\/staging.gajolivestock.com\/?post_type=product&#038;p=7019"},"modified":"2025-02-01T10:27:24","modified_gmt":"2025-02-01T10:27:24","slug":"peacock","status":"publish","type":"product","link":"https:\/\/staging.gajolivestock.com\/fr\/produit\/peacock\/","title":{"rendered":"Paon"},"content":{"rendered":"<p>La viande de paon est une source int\u00e9ressante de prot\u00e9ines maigres, m\u00eame si elle est rarement consomm\u00e9e dans de nombreuses cultures. Il contient des vitamines B, du fer et des min\u00e9raux essentiels \u00e0 une alimentation \u00e9quilibr\u00e9e.<\/p>\n<p>&nbsp;<\/p>","protected":false},"excerpt":{"rendered":"<p>Le pan, commun\u00e9ment appel\u00e9 paon, est un oiseau majestueux r\u00e9put\u00e9 pour ses plumes color\u00e9es et son \u00e9l\u00e9gance. Originaire d'Asie, il est souvent \u00e9lev\u00e9 pour son attrait d\u00e9coratif et son symbolisme culturel.<\/p>\n<p>&nbsp;<\/p>","protected":false},"featured_media":7020,"comment_status":"open","ping_status":"closed","template":"","meta":{"nf_dc_page":"","om_disable_all_campaigns":false,"pagelayer_contact_templates":[],"_pagelayer_content":""},"product_brand":[],"product_cat":[48],"product_tag":[113],"class_list":{"0":"post-7019","1":"product","2":"type-product","3":"status-publish","4":"has-post-thumbnail","6":"product_cat-meat-poultry","7":"product_tag-meat-poultry","9":"first","10":"instock","11":"shipping-taxable","12":"purchasable","13":"product-type-simple"},"jetpack_sharing_enabled":true,"_links":{"self":[{"href":"https:\/\/staging.gajolivestock.com\/fr\/wp-json\/wp\/v2\/product\/7019","targetHints":{"allow":["GET"]}}],"collection":[{"href":"https:\/\/staging.gajolivestock.com\/fr\/wp-json\/wp\/v2\/product"}],"about":[{"href":"https:\/\/staging.gajolivestock.com\/fr\/wp-json\/wp\/v2\/types\/product"}],"replies":[{"embeddable":true,"href":"https:\/\/staging.gajolivestock.com\/fr\/wp-json\/wp\/v2\/comments?post=7019"}],"wp:featuredmedia":[{"embeddable":true,"href":"https:\/\/staging.gajolivestock.com\/fr\/wp-json\/wp\/v2\/media\/7020"}],"wp:attachment":[{"href":"https:\/\/staging.gajolivestock.com\/fr\/wp-json\/wp\/v2\/media?parent=7019"}],"wp:term":[{"taxonomy":"product_brand","embeddable":true,"href":"https:\/\/staging.gajolivestock.com\/fr\/wp-json\/wp\/v2\/product_brand?post=7019"},{"taxonomy":"product_cat","embeddable":true,"href":"https:\/\/staging.gajolivestock.com\/fr\/wp-json\/wp\/v2\/product_cat?post=7019"},{"taxonomy":"product_tag","embeddable":true,"href":"https:\/\/staging.gajolivestock.com\/fr\/wp-json\/wp\/v2\/product_tag?post=7019"}],"curies":[{"name":"wp","href":"https:\/\/api.w.org\/{rel}","templated":true}]}}