{"id":7025,"date":"2025-01-27T18:22:55","date_gmt":"2025-01-27T18:22:55","guid":{"rendered":"https:\/\/staging.gajolivestock.com\/?post_type=product&#038;p=7025"},"modified":"2025-02-01T10:25:08","modified_gmt":"2025-02-01T10:25:08","slug":"local-peacock","status":"publish","type":"product","link":"https:\/\/staging.gajolivestock.com\/fr\/produit\/local-peacock\/","title":{"rendered":"paon local"},"content":{"rendered":"<p>La viande du paon local est riche en prot\u00e9ines maigres et contient des nutriments essentiels tels que des vitamines B, du fer et du zinc. Bien que rarement consomm\u00e9e, elle est comparable aux autres volailles en termes de valeur nutritionnelle.<\/p>\n<p>&nbsp;<\/p>\n<p>&nbsp;<\/p>","protected":false},"excerpt":{"rendered":"<p>Le paon local est une esp\u00e8ce traditionnellement \u00e9lev\u00e9e, connue pour sa beaut\u00e9 naturelle et ses plumes color\u00e9es. Il est souvent utilis\u00e9 comme animal d\u00e9coratif dans les fermes et les jardins ruraux.<\/p>","protected":false},"featured_media":7022,"comment_status":"open","ping_status":"closed","template":"","meta":{"nf_dc_page":"","om_disable_all_campaigns":false,"pagelayer_contact_templates":[],"_pagelayer_content":""},"product_brand":[],"product_cat":[48],"product_tag":[113],"class_list":{"0":"post-7025","1":"product","2":"type-product","3":"status-publish","4":"has-post-thumbnail","6":"product_cat-meat-poultry","7":"product_tag-meat-poultry","9":"first","10":"instock","11":"shipping-taxable","12":"purchasable","13":"product-type-simple"},"jetpack_sharing_enabled":true,"_links":{"self":[{"href":"https:\/\/staging.gajolivestock.com\/fr\/wp-json\/wp\/v2\/product\/7025","targetHints":{"allow":["GET"]}}],"collection":[{"href":"https:\/\/staging.gajolivestock.com\/fr\/wp-json\/wp\/v2\/product"}],"about":[{"href":"https:\/\/staging.gajolivestock.com\/fr\/wp-json\/wp\/v2\/types\/product"}],"replies":[{"embeddable":true,"href":"https:\/\/staging.gajolivestock.com\/fr\/wp-json\/wp\/v2\/comments?post=7025"}],"wp:featuredmedia":[{"embeddable":true,"href":"https:\/\/staging.gajolivestock.com\/fr\/wp-json\/wp\/v2\/media\/7022"}],"wp:attachment":[{"href":"https:\/\/staging.gajolivestock.com\/fr\/wp-json\/wp\/v2\/media?parent=7025"}],"wp:term":[{"taxonomy":"product_brand","embeddable":true,"href":"https:\/\/staging.gajolivestock.com\/fr\/wp-json\/wp\/v2\/product_brand?post=7025"},{"taxonomy":"product_cat","embeddable":true,"href":"https:\/\/staging.gajolivestock.com\/fr\/wp-json\/wp\/v2\/product_cat?post=7025"},{"taxonomy":"product_tag","embeddable":true,"href":"https:\/\/staging.gajolivestock.com\/fr\/wp-json\/wp\/v2\/product_tag?post=7025"}],"curies":[{"name":"wp","href":"https:\/\/api.w.org\/{rel}","templated":true}]}}