{"id":7060,"date":"2025-01-28T19:17:12","date_gmt":"2025-01-28T19:17:12","guid":{"rendered":"https:\/\/staging.gajolivestock.com\/?post_type=product&#038;p=7060"},"modified":"2025-02-01T10:22:24","modified_gmt":"2025-02-01T10:22:24","slug":"whole-goudali","status":"publish","type":"product","link":"https:\/\/staging.gajolivestock.com\/fr\/produit\/whole-goudali\/","title":{"rendered":"Goudali entier"},"content":{"rendered":"<p>Le Goudali entier fait r\u00e9f\u00e9rence \u00e0 une vache Goudali compl\u00e8te, g\u00e9n\u00e9ralement vendue pour des c\u00e9r\u00e9monies, des c\u00e9l\u00e9brations ou \u00e0 des fins commerciales. Cette race est appr\u00e9ci\u00e9e pour sa robustesse, sa viande de haute qualit\u00e9 et son adaptabilit\u00e9 aux conditions locales du Cameroun.<\/p>\n<p style=\"text-align: center\">","protected":false},"excerpt":{"rendered":"<p>La viande d'un Goudali entier apporte les m\u00eames bienfaits nutritionnels : elle est riche en prot\u00e9ines, en fer et en vitamine B12 tout en \u00e9tant pauvre en graisses satur\u00e9es. Cela en fait une excellente source de nutriments essentiels pour une alimentation saine et \u00e9quilibr\u00e9e.<\/p>","protected":false},"featured_media":7058,"comment_status":"open","ping_status":"closed","template":"","meta":{"nf_dc_page":"","om_disable_all_campaigns":false,"pagelayer_contact_templates":[],"_pagelayer_content":""},"product_brand":[],"product_cat":[89,84],"product_tag":[127,115],"class_list":{"0":"post-7060","1":"product","2":"type-product","3":"status-publish","4":"has-post-thumbnail","6":"product_cat-beef","7":"product_cat-cattle","8":"product_tag-beef","9":"product_tag-cattle","11":"first","12":"instock","13":"shipping-taxable","14":"purchasable","15":"product-type-simple"},"jetpack_sharing_enabled":true,"_links":{"self":[{"href":"https:\/\/staging.gajolivestock.com\/fr\/wp-json\/wp\/v2\/product\/7060","targetHints":{"allow":["GET"]}}],"collection":[{"href":"https:\/\/staging.gajolivestock.com\/fr\/wp-json\/wp\/v2\/product"}],"about":[{"href":"https:\/\/staging.gajolivestock.com\/fr\/wp-json\/wp\/v2\/types\/product"}],"replies":[{"embeddable":true,"href":"https:\/\/staging.gajolivestock.com\/fr\/wp-json\/wp\/v2\/comments?post=7060"}],"wp:featuredmedia":[{"embeddable":true,"href":"https:\/\/staging.gajolivestock.com\/fr\/wp-json\/wp\/v2\/media\/7058"}],"wp:attachment":[{"href":"https:\/\/staging.gajolivestock.com\/fr\/wp-json\/wp\/v2\/media?parent=7060"}],"wp:term":[{"taxonomy":"product_brand","embeddable":true,"href":"https:\/\/staging.gajolivestock.com\/fr\/wp-json\/wp\/v2\/product_brand?post=7060"},{"taxonomy":"product_cat","embeddable":true,"href":"https:\/\/staging.gajolivestock.com\/fr\/wp-json\/wp\/v2\/product_cat?post=7060"},{"taxonomy":"product_tag","embeddable":true,"href":"https:\/\/staging.gajolivestock.com\/fr\/wp-json\/wp\/v2\/product_tag?post=7060"}],"curies":[{"name":"wp","href":"https:\/\/api.w.org\/{rel}","templated":true}]}}