{"id":7061,"date":"2025-01-28T19:20:45","date_gmt":"2025-01-28T19:20:45","guid":{"rendered":"https:\/\/staging.gajolivestock.com\/?post_type=product&#038;p=7061"},"modified":"2025-02-01T10:20:29","modified_gmt":"2025-02-01T10:20:29","slug":"farm-raised-goudali","status":"publish","type":"product","link":"https:\/\/staging.gajolivestock.com\/fr\/produit\/farm-raised-goudali\/","title":{"rendered":"Goudali d'\u00e9levage"},"content":{"rendered":"<p>Le Goudali d'\u00e9levage est \u00e9lev\u00e9 dans des conditions contr\u00f4l\u00e9es pour garantir une qualit\u00e9 de viande sup\u00e9rieure et une croissance optimale. Cette m\u00e9thode agricole produit du b\u00e9tail bien nourri, adapt\u00e9 aux demandes des march\u00e9s locaux et internationaux.<\/p>\n<p>&nbsp;<\/p>","protected":false},"excerpt":{"rendered":"<p>La viande Goudali \u00e9lev\u00e9e \u00e0 la ferme se distingue par sa teneur \u00e9lev\u00e9e en prot\u00e9ines, en fer et en zinc. Il est \u00e9galement riche en acides gras om\u00e9ga-3 et contient moins de graisses satur\u00e9es gr\u00e2ce \u00e0 une alimentation contr\u00f4l\u00e9e et \u00e9quilibr\u00e9e.<\/p>","protected":false},"featured_media":7059,"comment_status":"open","ping_status":"closed","template":"","meta":{"nf_dc_page":"","om_disable_all_campaigns":false,"pagelayer_contact_templates":[],"_pagelayer_content":""},"product_brand":[],"product_cat":[89],"product_tag":[127],"class_list":{"0":"post-7061","1":"product","2":"type-product","3":"status-publish","4":"has-post-thumbnail","6":"product_cat-beef","7":"product_tag-beef","9":"first","10":"instock","11":"shipping-taxable","12":"purchasable","13":"product-type-simple"},"jetpack_sharing_enabled":true,"_links":{"self":[{"href":"https:\/\/staging.gajolivestock.com\/fr\/wp-json\/wp\/v2\/product\/7061","targetHints":{"allow":["GET"]}}],"collection":[{"href":"https:\/\/staging.gajolivestock.com\/fr\/wp-json\/wp\/v2\/product"}],"about":[{"href":"https:\/\/staging.gajolivestock.com\/fr\/wp-json\/wp\/v2\/types\/product"}],"replies":[{"embeddable":true,"href":"https:\/\/staging.gajolivestock.com\/fr\/wp-json\/wp\/v2\/comments?post=7061"}],"wp:featuredmedia":[{"embeddable":true,"href":"https:\/\/staging.gajolivestock.com\/fr\/wp-json\/wp\/v2\/media\/7059"}],"wp:attachment":[{"href":"https:\/\/staging.gajolivestock.com\/fr\/wp-json\/wp\/v2\/media?parent=7061"}],"wp:term":[{"taxonomy":"product_brand","embeddable":true,"href":"https:\/\/staging.gajolivestock.com\/fr\/wp-json\/wp\/v2\/product_brand?post=7061"},{"taxonomy":"product_cat","embeddable":true,"href":"https:\/\/staging.gajolivestock.com\/fr\/wp-json\/wp\/v2\/product_cat?post=7061"},{"taxonomy":"product_tag","embeddable":true,"href":"https:\/\/staging.gajolivestock.com\/fr\/wp-json\/wp\/v2\/product_tag?post=7061"}],"curies":[{"name":"wp","href":"https:\/\/api.w.org\/{rel}","templated":true}]}}