{"id":7259,"date":"2025-02-03T17:47:17","date_gmt":"2025-02-03T17:47:17","guid":{"rendered":"https:\/\/staging.gajolivestock.com\/?post_type=product&#038;p=7259"},"modified":"2025-02-07T16:57:01","modified_gmt":"2025-02-07T16:57:01","slug":"snail","status":"publish","type":"product","link":"https:\/\/staging.gajolivestock.com\/fr\/produit\/snail\/","title":{"rendered":"Escargot"},"content":{"rendered":"<p>De plus, c\u2019est une bonne source d\u2019acides gras om\u00e9ga-3, b\u00e9n\u00e9fiques pour la sant\u00e9 cardiovasculaire. Sa faible teneur en calories en fait un excellent choix pour une alimentation \u00e9quilibr\u00e9e.<\/p>","protected":false},"excerpt":{"rendered":"<p>L'escargot est un aliment nutritif, faible en gras et riche en prot\u00e9ines de qualit\u00e9. Il contient une quantit\u00e9 importante de fer, de magn\u00e9sium, de calcium et de zinc, ainsi que des vitamines B, notamment B12, essentielles au bon fonctionnement du syst\u00e8me nerveux.<\/p>","protected":false},"featured_media":7260,"comment_status":"open","ping_status":"closed","template":"","meta":{"om_disable_all_campaigns":false,"pagelayer_contact_templates":[],"_pagelayer_content":""},"product_brand":[],"product_cat":[36],"product_tag":[112],"class_list":{"0":"post-7259","1":"product","2":"type-product","3":"status-publish","4":"has-post-thumbnail","6":"product_cat-fish-seafood","7":"product_tag-fish-seafood","9":"first","10":"instock","11":"shipping-taxable","12":"purchasable","13":"product-type-simple"},"jetpack_sharing_enabled":true,"_links":{"self":[{"href":"https:\/\/staging.gajolivestock.com\/fr\/wp-json\/wp\/v2\/product\/7259","targetHints":{"allow":["GET"]}}],"collection":[{"href":"https:\/\/staging.gajolivestock.com\/fr\/wp-json\/wp\/v2\/product"}],"about":[{"href":"https:\/\/staging.gajolivestock.com\/fr\/wp-json\/wp\/v2\/types\/product"}],"replies":[{"embeddable":true,"href":"https:\/\/staging.gajolivestock.com\/fr\/wp-json\/wp\/v2\/comments?post=7259"}],"wp:featuredmedia":[{"embeddable":true,"href":"https:\/\/staging.gajolivestock.com\/fr\/wp-json\/wp\/v2\/media\/7260"}],"wp:attachment":[{"href":"https:\/\/staging.gajolivestock.com\/fr\/wp-json\/wp\/v2\/media?parent=7259"}],"wp:term":[{"taxonomy":"product_brand","embeddable":true,"href":"https:\/\/staging.gajolivestock.com\/fr\/wp-json\/wp\/v2\/product_brand?post=7259"},{"taxonomy":"product_cat","embeddable":true,"href":"https:\/\/staging.gajolivestock.com\/fr\/wp-json\/wp\/v2\/product_cat?post=7259"},{"taxonomy":"product_tag","embeddable":true,"href":"https:\/\/staging.gajolivestock.com\/fr\/wp-json\/wp\/v2\/product_tag?post=7259"}],"curies":[{"name":"wp","href":"https:\/\/api.w.org\/{rel}","templated":true}]}}