{"id":7445,"date":"2025-02-07T12:47:50","date_gmt":"2025-02-07T12:47:50","guid":{"rendered":"https:\/\/staging.gajolivestock.com\/?post_type=product&#038;p=7445"},"modified":"2025-02-07T13:05:22","modified_gmt":"2025-02-07T13:05:22","slug":"healthy-rabbit","status":"publish","type":"product","link":"https:\/\/staging.gajolivestock.com\/fr\/produit\/healthy-rabbit\/","title":{"rendered":"lapin en bonne sant\u00e9"},"content":{"rendered":"<p>Le lapin en bonne sant\u00e9 est \u00e9lev\u00e9 dans des conditions optimales pour garantir une viande maigre, tendre et nutritive. Il est connu pour sa teneur \u00e9lev\u00e9e en prot\u00e9ines et sa faible teneur en mati\u00e8res grasses, ce qui en fait un excellent choix pour une alimentation \u00e9quilibr\u00e9e.<\/p>","protected":false},"excerpt":{"rendered":"<p>La viande de lapin est riche en prot\u00e9ines, faible en gras et constitue une bonne source de vitamines B et de min\u00e9raux essentiels. Il est id\u00e9al pour une alimentation saine et \u00e9quilibr\u00e9e.<\/p>","protected":false},"featured_media":5030,"comment_status":"open","ping_status":"closed","template":"","meta":{"om_disable_all_campaigns":false,"pagelayer_contact_templates":[],"_pagelayer_content":""},"product_brand":[],"product_cat":[138],"product_tag":[140],"class_list":{"0":"post-7445","1":"product","2":"type-product","3":"status-publish","4":"has-post-thumbnail","6":"product_cat-rabbit","7":"product_tag-rabbit","9":"first","10":"instock","11":"shipping-taxable","12":"purchasable","13":"product-type-simple"},"jetpack_sharing_enabled":true,"_links":{"self":[{"href":"https:\/\/staging.gajolivestock.com\/fr\/wp-json\/wp\/v2\/product\/7445","targetHints":{"allow":["GET"]}}],"collection":[{"href":"https:\/\/staging.gajolivestock.com\/fr\/wp-json\/wp\/v2\/product"}],"about":[{"href":"https:\/\/staging.gajolivestock.com\/fr\/wp-json\/wp\/v2\/types\/product"}],"replies":[{"embeddable":true,"href":"https:\/\/staging.gajolivestock.com\/fr\/wp-json\/wp\/v2\/comments?post=7445"}],"wp:featuredmedia":[{"embeddable":true,"href":"https:\/\/staging.gajolivestock.com\/fr\/wp-json\/wp\/v2\/media\/5030"}],"wp:attachment":[{"href":"https:\/\/staging.gajolivestock.com\/fr\/wp-json\/wp\/v2\/media?parent=7445"}],"wp:term":[{"taxonomy":"product_brand","embeddable":true,"href":"https:\/\/staging.gajolivestock.com\/fr\/wp-json\/wp\/v2\/product_brand?post=7445"},{"taxonomy":"product_cat","embeddable":true,"href":"https:\/\/staging.gajolivestock.com\/fr\/wp-json\/wp\/v2\/product_cat?post=7445"},{"taxonomy":"product_tag","embeddable":true,"href":"https:\/\/staging.gajolivestock.com\/fr\/wp-json\/wp\/v2\/product_tag?post=7445"}],"curies":[{"name":"wp","href":"https:\/\/api.w.org\/{rel}","templated":true}]}}